{"id":4299,"date":"2021-12-06T15:48:10","date_gmt":"2021-12-06T14:48:10","guid":{"rendered":"https:\/\/www.mima.it\/?page_id=4299"},"modified":"2024-07-31T13:25:57","modified_gmt":"2024-07-31T11:25:57","slug":"privacy-policy","status":"publish","type":"page","link":"https:\/\/www.mima.it\/de\/privacy-policy\/","title":{"rendered":"Privacy Policy"},"content":{"rendered":"<p>[et_pb_section fb_built=&#8220;1&#8243; admin_label=&#8220;section&#8220; _builder_version=&#8220;4.16&#8243; global_colors_info=&#8220;{}&#8220;][et_pb_row admin_label=&#8220;row&#8220; _builder_version=&#8220;4.16&#8243; background_size=&#8220;initial&#8220; background_position=&#8220;top_left&#8220; background_repeat=&#8220;repeat&#8220; global_colors_info=&#8220;{}&#8220;][et_pb_column type=&#8220;4_4&#8243; _builder_version=&#8220;4.16&#8243; custom_padding=&#8220;|||&#8220; global_colors_info=&#8220;{}&#8220; custom_padding__hover=&#8220;|||&#8220;][et_pb_text _builder_version=&#8220;4.27.0&#8243; _module_preset=&#8220;default&#8220; hover_enabled=&#8220;0&#8243; global_colors_info=&#8220;{}&#8220; sticky_enabled=&#8220;0&#8243;]<\/p>\n<h1><strong>DATENSCHUTZERKL\u00c4RUNG<\/strong><\/h1>\n<p>Gem\u00e4\u00df Art. 13 der Verordnung (EU) 2016\/679 (DSGVO) und der Ma\u00dfnahme Nr. 231 vom 10 Juni 2021 \u00fcber den Einsatz von Cookies informieren wir hiermit die Besucher der Website \u00fcber die Verwendung der \u00fcbermittelten Daten und der von der Website verwendeten Cookies. Die vorliegende Datenschutzerkl\u00e4rung entspricht auch der Empfehlung Nr. 2\/2001, die von der kraft Artikel 29 der Richtlinie 95\/46\/EG eingesetzten Arbeitsgruppe angenommen wurde.<\/p>\n<p>Sie nimmt Bezug auf die Websites und Portale von <strong>Systec Mima S.r.l. &#8211; GmbH<\/strong>, nicht jedoch auf andere verlinkte Webseiten.<strong>\u00a0<\/strong><\/p>\n<h2><strong>VERANTWORTLICHER<\/strong><\/h2>\n<p>Beim Besuch der Website k\u00f6nnen personenbezogene Daten oder sonstige mit dem Nutzer verkn\u00fcpfbare Daten verarbeitet werden, auch jene, die durch den Einsatz von Cookies erhoben werden. Der Verantwortliche ist <strong>Systec Mima S.r.l. &#8211; GmbH<\/strong> mit Sitz in Via J.Kravogl, 14 \u2013 Kravogl-Stra\u00dfe 14 &#8211; 39100 Bolzano \/ Bozen.<\/p>\n<p>Der Verantwortliche kann unter den folgenden Kontaktdaten erreicht werden:<\/p>\n<p><strong>Tel<\/strong>: 0471 920074<\/p>\n<p><strong>E-Mail PEC<\/strong>: mima@altoadigepec.it<\/p>\n<h2><strong>ZWECK UND MODALIT\u00c4TEN DER VERARBEITUNG<\/strong><\/h2>\n<h3><strong>SURFDATEN <\/strong><\/h3>\n<p>Die f\u00fcr den Betrieb dieser Website verwendeten Computersysteme und Softwareverfahren erfassen w\u00e4hrend ihres normalen Betriebs einige personenbezogene Daten, deren \u00dcbertragung implizit mit der Verwendung von Internet-Kommunikationsprotokollen erfolgt.<\/p>\n<p>Diese Informationen werden nicht erhoben, um identifizierten Personen zugeordnet zu werden, k\u00f6nnten aber aufgrund ihrer Art durch die Verarbeitung und Verkn\u00fcpfung mit im Besitz Dritter befindlicher Daten eine Identifizierung der Nutzer erm\u00f6glichen.<\/p>\n<p>Zu dieser Datenkategorie geh\u00f6ren IP-Adressen oder Dom\u00e4nennamen der von Nutzern zur Verbindung mit der Website verwendeten Computer, URI-Adressen (Uniform Resource Identifier) der angeforderten Ressourcen, der Zeitpunkt der Anfrage, das Verfahren zum \u00dcbermitteln der Anfrage an den Server, die Gr\u00f6\u00dfe der als Antwort erhaltenen Datei, der Zahlencode des Status der Serverantwort (erfolgreich, Fehler usw.) und andere Parameter des Betriebssystems und der Computerumgebung.<\/p>\n<p>Diese Daten werden nur verwendet werden, um anonyme statistische Informationen \u00fcber die Nutzung der Website zu erhalten sowie deren einwandfreie Funktion zu \u00fcberpr\u00fcfen und werden unmittelbar nach der Verarbeitung gel\u00f6scht. Die Daten k\u00f6nnten zum Feststellen der Verantwortlichkeit im Falle anzunehmender Computerkriminalit\u00e4t zum Schaden der Website verwendet werden.\u00a0<\/p>\n<h3><strong>\u00dcBER DAS KONTAKTFORMULAR UND IN DEN ENTSPRECHENDEN ABSCHNITTEN ERFASSTE DATEN<\/strong><\/h3>\n<p>Diese Informationen beziehen sich auf vom Nutzer freiwillig zur Verf\u00fcgung gestellte Daten.<\/p>\n<ul>\n<li><strong>KONTAKTE<\/strong>: Die angegebenen Daten werden ausschlie\u00dflich zur Bearbeitung Ihrer Anfrage verwendet. Die erhobenen Daten werden nur so lange aufbewahrt, wie es f\u00fcr die R\u00fcckmeldung erforderlich ist. Diese Verarbeitung erfolgt gem\u00e4\u00df der von Ihnen erteilten Einwilligung. Sollten Sie die Einwilligung zur Verarbeitung Ihrer Daten verweigern, kann Ihre Anfrage nicht bearbeitet werden. Alle sonstigen Zwecke im Zusammenhang mit Marketingaktivit\u00e4ten (Versand von Werbe- und\/oder Promotionsmaterial) bed\u00fcrfen der ausdr\u00fccklichen, gesondert erteilten Einwilligung.<\/li>\n<li><strong>PRIVATER BEREICH: <\/strong>Benutzername und Passwort werden f\u00fcr den Zugang zu diesem Bereich verwendet und f\u00fcr denselben Zweck bis zur Beendigung des Vertrags mit der betreffenden Person gespeichert und verarbeitet. Alle weiteren Zwecke im Zusammenhang mit Marketingaktivit\u00e4ten (Zusendung von Werbe- und\/oder Verkaufsf\u00f6rderungsmaterial) bed\u00fcrfen der ausdr\u00fccklichen und eigenen Zustimmung.<\/li>\n<\/ul>\n<p>Die oben genannten Verarbeitungsmodalit\u00e4ten werden rein computergest\u00fctzt durchgef\u00fchrt, schlie\u00dfen aber die Verarbeitung in Papierform nicht aus. Ihre Daten k\u00f6nnen an Personen weitergegeben werden, die als Empf\u00e4nger im Sinne von Art. 4 oder als Auftragsverarbeiter im Sinne von Art. 28 der DSGVO gelten und f\u00fcr Aufgaben zust\u00e4ndig sind, die der Bearbeitung Ihrer an uns gerichteten Anfrage dienen.\u00a0\u00a0<\/p>\n<p><strong>Die Gesellschaft hat die IP-Adresse des Benutzers teilweise anonymisiert und die Daten reduziert, auf welche Google mit den Analytics-Tools zugreifen kann.<\/strong><\/p>\n<p>[\/et_pb_text][\/et_pb_column][\/et_pb_row][\/et_pb_section]<\/p>\n","protected":false},"excerpt":{"rendered":"<p>DATENSCHUTZERKL\u00c4RUNG Gem\u00e4\u00df Art. 13 der Verordnung (EU) 2016\/679 (DSGVO) und der Ma\u00dfnahme Nr. 231 vom 10 Juni 2021 \u00fcber den Einsatz von Cookies informieren wir hiermit die Besucher der Website \u00fcber die Verwendung der \u00fcbermittelten Daten und der von der Website verwendeten Cookies. Die vorliegende Datenschutzerkl\u00e4rung entspricht auch der Empfehlung Nr. 2\/2001, die von der [&hellip;]<\/p>\n","protected":false},"author":8,"featured_media":0,"parent":0,"menu_order":0,"comment_status":"closed","ping_status":"closed","template":"","meta":{"_et_pb_use_builder":"on","_et_pb_old_content":"","_et_gb_content_width":"","footnotes":""},"class_list":["post-4299","page","type-page","status-publish","hentry"],"yoast_head":"<!-- This site is optimized with the Yoast SEO plugin v26.8 - https:\/\/yoast.com\/product\/yoast-seo-wordpress\/ -->\n<title>Privacy Policy - Mima Srl<\/title>\n<meta name=\"robots\" content=\"index, follow, max-snippet:-1, max-image-preview:large, max-video-preview:-1\" \/>\n<link rel=\"canonical\" href=\"https:\/\/www.mima.it\/de\/privacy-policy\/\" \/>\n<meta property=\"og:locale\" content=\"de_DE\" \/>\n<meta property=\"og:type\" content=\"article\" \/>\n<meta property=\"og:title\" content=\"Privacy Policy - Mima Srl\" \/>\n<meta property=\"og:description\" content=\"DATENSCHUTZERKL\u00c4RUNG Gem\u00e4\u00df Art. 13 der Verordnung (EU) 2016\/679 (DSGVO) und der Ma\u00dfnahme Nr. 231 vom 10 Juni 2021 \u00fcber den Einsatz von Cookies informieren wir hiermit die Besucher der Website \u00fcber die Verwendung der \u00fcbermittelten Daten und der von der Website verwendeten Cookies. Die vorliegende Datenschutzerkl\u00e4rung entspricht auch der Empfehlung Nr. 2\/2001, die von der [&hellip;]\" \/>\n<meta property=\"og:url\" content=\"https:\/\/www.mima.it\/de\/privacy-policy\/\" \/>\n<meta property=\"og:site_name\" content=\"Mima Srl\" \/>\n<meta property=\"article:modified_time\" content=\"2024-07-31T11:25:57+00:00\" \/>\n<meta name=\"twitter:card\" content=\"summary_large_image\" \/>\n<meta name=\"twitter:label1\" content=\"Gesch\u00e4tzte Lesezeit\" \/>\n\t<meta name=\"twitter:data1\" content=\"1\u00a0Minute\" \/>\n<script type=\"application\/ld+json\" class=\"yoast-schema-graph\">{\"@context\":\"https:\/\/schema.org\",\"@graph\":[{\"@type\":\"WebPage\",\"@id\":\"https:\/\/www.mima.it\/de\/privacy-policy\/\",\"url\":\"https:\/\/www.mima.it\/de\/privacy-policy\/\",\"name\":\"Privacy Policy - Mima Srl\",\"isPartOf\":{\"@id\":\"https:\/\/www.mima.it\/#website\"},\"datePublished\":\"2021-12-06T14:48:10+00:00\",\"dateModified\":\"2024-07-31T11:25:57+00:00\",\"breadcrumb\":{\"@id\":\"https:\/\/www.mima.it\/de\/privacy-policy\/#breadcrumb\"},\"inLanguage\":\"de\",\"potentialAction\":[{\"@type\":\"ReadAction\",\"target\":[\"https:\/\/www.mima.it\/de\/privacy-policy\/\"]}]},{\"@type\":\"BreadcrumbList\",\"@id\":\"https:\/\/www.mima.it\/de\/privacy-policy\/#breadcrumb\",\"itemListElement\":[{\"@type\":\"ListItem\",\"position\":1,\"name\":\"Home\",\"item\":\"https:\/\/www.mima.it\/de\/\"},{\"@type\":\"ListItem\",\"position\":2,\"name\":\"Privacy Policy\"}]},{\"@type\":\"WebSite\",\"@id\":\"https:\/\/www.mima.it\/#website\",\"url\":\"https:\/\/www.mima.it\/\",\"name\":\"Mima Srl\",\"description\":\"Da 25 anni al fianco dei professionisti\",\"potentialAction\":[{\"@type\":\"SearchAction\",\"target\":{\"@type\":\"EntryPoint\",\"urlTemplate\":\"https:\/\/www.mima.it\/?s={search_term_string}\"},\"query-input\":{\"@type\":\"PropertyValueSpecification\",\"valueRequired\":true,\"valueName\":\"search_term_string\"}}],\"inLanguage\":\"de\"}]}<\/script>\n<!-- \/ Yoast SEO plugin. -->","yoast_head_json":{"title":"Privacy Policy - Mima Srl","robots":{"index":"index","follow":"follow","max-snippet":"max-snippet:-1","max-image-preview":"max-image-preview:large","max-video-preview":"max-video-preview:-1"},"canonical":"https:\/\/www.mima.it\/de\/privacy-policy\/","og_locale":"de_DE","og_type":"article","og_title":"Privacy Policy - Mima Srl","og_description":"DATENSCHUTZERKL\u00c4RUNG Gem\u00e4\u00df Art. 13 der Verordnung (EU) 2016\/679 (DSGVO) und der Ma\u00dfnahme Nr. 231 vom 10 Juni 2021 \u00fcber den Einsatz von Cookies informieren wir hiermit die Besucher der Website \u00fcber die Verwendung der \u00fcbermittelten Daten und der von der Website verwendeten Cookies. Die vorliegende Datenschutzerkl\u00e4rung entspricht auch der Empfehlung Nr. 2\/2001, die von der [&hellip;]","og_url":"https:\/\/www.mima.it\/de\/privacy-policy\/","og_site_name":"Mima Srl","article_modified_time":"2024-07-31T11:25:57+00:00","twitter_card":"summary_large_image","twitter_misc":{"Gesch\u00e4tzte Lesezeit":"1\u00a0Minute"},"schema":{"@context":"https:\/\/schema.org","@graph":[{"@type":"WebPage","@id":"https:\/\/www.mima.it\/de\/privacy-policy\/","url":"https:\/\/www.mima.it\/de\/privacy-policy\/","name":"Privacy Policy - Mima Srl","isPartOf":{"@id":"https:\/\/www.mima.it\/#website"},"datePublished":"2021-12-06T14:48:10+00:00","dateModified":"2024-07-31T11:25:57+00:00","breadcrumb":{"@id":"https:\/\/www.mima.it\/de\/privacy-policy\/#breadcrumb"},"inLanguage":"de","potentialAction":[{"@type":"ReadAction","target":["https:\/\/www.mima.it\/de\/privacy-policy\/"]}]},{"@type":"BreadcrumbList","@id":"https:\/\/www.mima.it\/de\/privacy-policy\/#breadcrumb","itemListElement":[{"@type":"ListItem","position":1,"name":"Home","item":"https:\/\/www.mima.it\/de\/"},{"@type":"ListItem","position":2,"name":"Privacy Policy"}]},{"@type":"WebSite","@id":"https:\/\/www.mima.it\/#website","url":"https:\/\/www.mima.it\/","name":"Mima Srl","description":"Da 25 anni al fianco dei professionisti","potentialAction":[{"@type":"SearchAction","target":{"@type":"EntryPoint","urlTemplate":"https:\/\/www.mima.it\/?s={search_term_string}"},"query-input":{"@type":"PropertyValueSpecification","valueRequired":true,"valueName":"search_term_string"}}],"inLanguage":"de"}]}},"_links":{"self":[{"href":"https:\/\/www.mima.it\/de\/wp-json\/wp\/v2\/pages\/4299","targetHints":{"allow":["GET"]}}],"collection":[{"href":"https:\/\/www.mima.it\/de\/wp-json\/wp\/v2\/pages"}],"about":[{"href":"https:\/\/www.mima.it\/de\/wp-json\/wp\/v2\/types\/page"}],"author":[{"embeddable":true,"href":"https:\/\/www.mima.it\/de\/wp-json\/wp\/v2\/users\/8"}],"replies":[{"embeddable":true,"href":"https:\/\/www.mima.it\/de\/wp-json\/wp\/v2\/comments?post=4299"}],"version-history":[{"count":6,"href":"https:\/\/www.mima.it\/de\/wp-json\/wp\/v2\/pages\/4299\/revisions"}],"predecessor-version":[{"id":7985,"href":"https:\/\/www.mima.it\/de\/wp-json\/wp\/v2\/pages\/4299\/revisions\/7985"}],"wp:attachment":[{"href":"https:\/\/www.mima.it\/de\/wp-json\/wp\/v2\/media?parent=4299"}],"curies":[{"name":"wp","href":"https:\/\/api.w.org\/{rel}","templated":true}]}}