{"id":4412,"date":"2021-12-06T19:52:10","date_gmt":"2021-12-06T18:52:10","guid":{"rendered":"https:\/\/www.mima.it\/?page_id=4412"},"modified":"2022-01-25T13:29:00","modified_gmt":"2022-01-25T12:29:00","slug":"digital-signage","status":"publish","type":"page","link":"https:\/\/www.mima.it\/de\/digital-signage\/","title":{"rendered":"DIGITAL SIGNAGE"},"content":{"rendered":"<p>[et_pb_section fb_built=&#8220;1&#8243; fullwidth=&#8220;on&#8220; _builder_version=&#8220;3.22&#8243; custom_padding=&#8220;0px|0px|0px|0px&#8220;][et_pb_fullwidth_image _builder_version=&#8220;4.5.3&#8243; animation_style=&#8220;slide&#8220; animation_direction=&#8220;left&#8220; animation_duration=&#8220;500ms&#8220; animation_intensity_slide=&#8220;10%&#8220;][\/et_pb_fullwidth_image][\/et_pb_section][et_pb_section fb_built=&#8220;1&#8243; fullwidth=&#8220;on&#8220; _builder_version=&#8220;3.22&#8243; custom_padding=&#8220;0px|0px|0px|0px&#8220; custom_css_main_element=&#8220;border-top: 10px;||border-color: #C80421;&#8220;][et_pb_fullwidth_slider disabled_on=&#8220;on|off|off&#8220; module_class=&#8220;et_fullscreen_slider&#8220; _builder_version=&#8220;3.16&#8243; header_font=&#8220;Montserrat||||&#8220; header_text_color=&#8220;#000000&#8243; body_font=&#8220;Montserrat||||&#8220; body_text_color=&#8220;#000000&#8243; custom_button=&#8220;on&#8220; button_text_size=&#8220;15px&#8220; button_font=&#8220;Montserrat||||&#8220; custom_padding=&#8220;|||&#8220; custom_padding_tablet=&#8220;|||&#8220; custom_padding_phone=&#8220;|||&#8220; remove_inner_shadow=&#8220;on&#8220; show_inner_shadow=&#8220;off&#8220; button_text_size__hover_enabled=&#8220;off&#8220; button_one_text_size__hover_enabled=&#8220;off&#8220; button_two_text_size__hover_enabled=&#8220;off&#8220; button_text_color__hover_enabled=&#8220;off&#8220; button_one_text_color__hover_enabled=&#8220;off&#8220; button_two_text_color__hover_enabled=&#8220;off&#8220; button_border_width__hover_enabled=&#8220;off&#8220; button_one_border_width__hover_enabled=&#8220;off&#8220; button_two_border_width__hover_enabled=&#8220;off&#8220; button_border_color__hover_enabled=&#8220;off&#8220; button_one_border_color__hover_enabled=&#8220;off&#8220; button_two_border_color__hover_enabled=&#8220;off&#8220; button_border_radius__hover_enabled=&#8220;off&#8220; button_one_border_radius__hover_enabled=&#8220;off&#8220; button_two_border_radius__hover_enabled=&#8220;off&#8220; button_letter_spacing__hover_enabled=&#8220;off&#8220; button_one_letter_spacing__hover_enabled=&#8220;off&#8220; button_two_letter_spacing__hover_enabled=&#8220;off&#8220; button_bg_color__hover_enabled=&#8220;off&#8220; button_one_bg_color__hover_enabled=&#8220;off&#8220; button_two_bg_color__hover_enabled=&#8220;off&#8220;][et_pb_slide heading=&#8220;DIGITAL&#8220; use_bg_overlay=&#8220;off&#8220; use_text_overlay=&#8220;off&#8220; _builder_version=&#8220;3.16&#8243; header_text_color=&#8220;#ffffff&#8220; body_text_color=&#8220;#ffffff&#8220; background_color=&#8220;#ffffff&#8220; background_image=&#8220;https:\/\/www.mima.it\/wp-content\/uploads\/2017\/07\/slider_bsystem3e.jpg&#8220; header_font_size_tablet=&#8220;&#8220; header_font_size_phone=&#8220;&#8220; header_font_size_last_edited=&#8220;on|desktop&#8220; button_text_size__hover_enabled=&#8220;off&#8220; button_one_text_size__hover_enabled=&#8220;off&#8220; button_two_text_size__hover_enabled=&#8220;off&#8220; button_text_color__hover_enabled=&#8220;off&#8220; button_one_text_color__hover_enabled=&#8220;off&#8220; button_two_text_color__hover_enabled=&#8220;off&#8220; button_border_width__hover_enabled=&#8220;off&#8220; button_one_border_width__hover_enabled=&#8220;off&#8220; button_two_border_width__hover_enabled=&#8220;off&#8220; button_border_color__hover_enabled=&#8220;off&#8220; button_one_border_color__hover_enabled=&#8220;off&#8220; button_two_border_color__hover_enabled=&#8220;off&#8220; button_border_radius__hover_enabled=&#8220;off&#8220; button_one_border_radius__hover_enabled=&#8220;off&#8220; button_two_border_radius__hover_enabled=&#8220;off&#8220; button_letter_spacing__hover_enabled=&#8220;off&#8220; button_one_letter_spacing__hover_enabled=&#8220;off&#8220; button_two_letter_spacing__hover_enabled=&#8220;off&#8220; button_bg_color__hover_enabled=&#8220;off&#8220; button_one_bg_color__hover_enabled=&#8220;off&#8220; button_two_bg_color__hover_enabled=&#8220;off&#8220;]<\/p>\n<p style=\"font-size: 45px;\"><strong> SIGNAGE<\/strong><\/p>\n<p>[\/et_pb_slide][\/et_pb_fullwidth_slider][\/et_pb_section][et_pb_section fb_built=&#8220;1&#8243; _builder_version=&#8220;3.22&#8243; background_color=&#8220;#9D071D&#8220; custom_padding=&#8220;0px||0px|&#8220;][et_pb_row column_structure=&#8220;1_3,2_3&#8243; _builder_version=&#8220;3.25&#8243; custom_margin=&#8220;0px||0px|&#8220; custom_padding=&#8220;10px||10px|&#8220; custom_css_main_element=&#8220;padding-bottom: 0.75em;&#8220;][et_pb_column type=&#8220;1_3&#8243; _builder_version=&#8220;3.25&#8243; custom_padding=&#8220;0px||0px|&#8220; custom_padding__hover=&#8220;|||&#8220;][et_pb_text _builder_version=&#8220;3.27.4&#8243; text_font=&#8220;Montserrat|on|||&#8220; text_font_size=&#8220;18px&#8220; background_layout=&#8220;dark&#8220; custom_margin=&#8220;0px||0px|&#8220; custom_padding=&#8220;0px||0px|&#8220;]DIGITAL SIGNAGE<br \/>\n[\/et_pb_text][\/et_pb_column][et_pb_column type=&#8220;2_3&#8243; _builder_version=&#8220;3.25&#8243; custom_padding=&#8220;0px||0px|&#8220; custom_padding__hover=&#8220;|||&#8220;][\/et_pb_column][\/et_pb_row][\/et_pb_section][et_pb_section fb_built=&#8220;1&#8243; _builder_version=&#8220;3.22&#8243; background_color=&#8220;#ededed&#8220;][et_pb_row column_structure=&#8220;1_3,2_3&#8243; _builder_version=&#8220;3.25&#8243;][et_pb_column type=&#8220;1_3&#8243; _builder_version=&#8220;3.25&#8243; custom_padding=&#8220;|||&#8220; custom_padding__hover=&#8220;|||&#8220;][et_pb_image src=&#8220;https:\/\/www.mima.it\/wp-content\/uploads\/2017\/07\/totem.png&#8220; align_tablet=&#8220;center&#8220; align_phone=&#8220;&#8220; align_last_edited=&#8220;on|desktop&#8220; _builder_version=&#8220;3.23&#8243; animation_style=&#8220;slide&#8220; animation_direction=&#8220;left&#8220; animation_duration=&#8220;500ms&#8220; animation_intensity_slide=&#8220;10%&#8220;][\/et_pb_image][\/et_pb_column][et_pb_column type=&#8220;2_3&#8243; _builder_version=&#8220;3.25&#8243; custom_padding=&#8220;|||&#8220; custom_padding__hover=&#8220;|||&#8220;][et_pb_text _builder_version=&#8220;4.0.11&#8243;]<\/p>\n<h2>btotem<\/h2>\n<h4>Das interaktive Informations-Totem.<\/h4>\n<p>Dank btotem k\u00f6nnen Sie den Preis der Produkte \u00fcberpr\u00fcfen,<br \/>Sie drucken das Ticket f\u00fcr Ihre Abteilung, die Rezepte,<br \/>das Zutatenbuch und vieles mehr.<\/p>\n<p>[\/et_pb_text][\/et_pb_column][\/et_pb_row][\/et_pb_section][et_pb_section fb_built=&#8220;1&#8243; _builder_version=&#8220;3.22&#8243;][et_pb_row column_structure=&#8220;2_3,1_3&#8243; _builder_version=&#8220;3.25&#8243;][et_pb_column type=&#8220;2_3&#8243; _builder_version=&#8220;3.25&#8243; custom_padding=&#8220;|||&#8220; custom_padding__hover=&#8220;|||&#8220;][et_pb_text _builder_version=&#8220;3.27.4&#8243;]<\/p>\n<h2>bplayer<\/h2>\n<h4>Digitales Signatur-System zur Information, F\u00f6rderung und Unterhaltung.<\/h4>\n<p>Mit bplayer verwalten Sie die Warteschlange an den bedienten Schaltern des Supermarktes und sie k\u00f6nnen informieren, Preise und Werbeaktionen in der Gasse anzeigen und mit multimedialen Werbevideos den Kunden im Gesch\u00e4ft unterhalten.<\/p>\n<p>[\/et_pb_text][\/et_pb_column][et_pb_column type=&#8220;1_3&#8243; _builder_version=&#8220;3.25&#8243; custom_padding=&#8220;|||&#8220; custom_padding__hover=&#8220;|||&#8220;][et_pb_image src=&#8220;https:\/\/www.mima.it\/wp-content\/uploads\/2017\/07\/bplayer_pic.jpg&#8220; align_tablet=&#8220;center&#8220; align_phone=&#8220;&#8220; align_last_edited=&#8220;on|desktop&#8220; _builder_version=&#8220;3.23&#8243; animation_style=&#8220;slide&#8220; animation_direction=&#8220;left&#8220; animation_duration=&#8220;500ms&#8220; animation_intensity_slide=&#8220;10%&#8220;][\/et_pb_image][\/et_pb_column][\/et_pb_row][\/et_pb_section][et_pb_section fb_built=&#8220;1&#8243; _builder_version=&#8220;3.22&#8243;][et_pb_row _builder_version=&#8220;3.25&#8243;][et_pb_column type=&#8220;4_4&#8243; _builder_version=&#8220;3.25&#8243; custom_padding=&#8220;|||&#8220; custom_padding__hover=&#8220;|||&#8220;][et_pb_gallery gallery_ids=&#8220;3903,3904,3905,3906&#8243; show_title_and_caption=&#8220;off&#8220; _builder_version=&#8220;3.0.64&#8243;][\/et_pb_gallery][\/et_pb_column][\/et_pb_row][\/et_pb_section]<\/p>\n","protected":false},"excerpt":{"rendered":"<p>SIGNAGE DIGITAL SIGNAGE btotem Das interaktive Informations-Totem. Dank btotem k\u00f6nnen Sie den Preis der Produkte \u00fcberpr\u00fcfen,Sie drucken das Ticket f\u00fcr Ihre Abteilung, die Rezepte,das Zutatenbuch und vieles mehr.bplayer Digitales Signatur-System zur Information, F\u00f6rderung und Unterhaltung. Mit bplayer verwalten Sie die Warteschlange an den bedienten Schaltern des Supermarktes und sie k\u00f6nnen informieren, Preise und Werbeaktionen in [&hellip;]<\/p>\n","protected":false},"author":8,"featured_media":3811,"parent":0,"menu_order":0,"comment_status":"closed","ping_status":"closed","template":"","meta":{"_et_pb_use_builder":"on","_et_pb_old_content":"<p>[et_pb_section fb_built=\"1\" fullwidth=\"on\" _builder_version=\"3.22\" custom_padding=\"0px|0px|0px|0px\"][et_pb_fullwidth_image _builder_version=\"3.0.72\" animation_style=\"slide\" animation_direction=\"left\" animation_duration=\"500ms\" animation_intensity_slide=\"10%\"][\/et_pb_fullwidth_image][\/et_pb_section][et_pb_section fb_built=\"1\" fullwidth=\"on\" _builder_version=\"3.22\" custom_padding=\"0px|0px|0px|0px\" custom_css_main_element=\"border-top: 10px;||border-color: #C80421;\"][et_pb_fullwidth_slider disabled_on=\"on|off|off\" module_class=\"et_fullscreen_slider\" _builder_version=\"3.16\" header_font=\"Montserrat||||\" header_text_color=\"#000000\" body_font=\"Montserrat||||\" body_text_color=\"#000000\" custom_button=\"on\" button_text_size=\"15px\" button_font=\"Montserrat||||\" custom_padding=\"|||\" custom_padding_tablet=\"|||\" custom_padding_phone=\"|||\" remove_inner_shadow=\"on\" show_inner_shadow=\"off\" button_text_size__hover_enabled=\"off\" button_one_text_size__hover_enabled=\"off\" button_two_text_size__hover_enabled=\"off\" button_text_color__hover_enabled=\"off\" button_one_text_color__hover_enabled=\"off\" button_two_text_color__hover_enabled=\"off\" button_border_width__hover_enabled=\"off\" button_one_border_width__hover_enabled=\"off\" button_two_border_width__hover_enabled=\"off\" button_border_color__hover_enabled=\"off\" button_one_border_color__hover_enabled=\"off\" button_two_border_color__hover_enabled=\"off\" button_border_radius__hover_enabled=\"off\" button_one_border_radius__hover_enabled=\"off\" button_two_border_radius__hover_enabled=\"off\" button_letter_spacing__hover_enabled=\"off\" button_one_letter_spacing__hover_enabled=\"off\" button_two_letter_spacing__hover_enabled=\"off\" button_bg_color__hover_enabled=\"off\" button_one_bg_color__hover_enabled=\"off\" button_two_bg_color__hover_enabled=\"off\"][et_pb_slide heading=\"DIGITAL\" use_bg_overlay=\"off\" use_text_overlay=\"off\" _builder_version=\"3.16\" header_text_color=\"#ffffff\" body_text_color=\"#ffffff\" background_color=\"#ffffff\" background_image=\"https:\/\/www.mima.it\/wp-content\/uploads\/2017\/07\/slider_bsystem3e.jpg\" header_font_size_tablet=\"\" header_font_size_phone=\"\" header_font_size_last_edited=\"on|desktop\" button_text_size__hover_enabled=\"off\" button_one_text_size__hover_enabled=\"off\" button_two_text_size__hover_enabled=\"off\" button_text_color__hover_enabled=\"off\" button_one_text_color__hover_enabled=\"off\" button_two_text_color__hover_enabled=\"off\" button_border_width__hover_enabled=\"off\" button_one_border_width__hover_enabled=\"off\" button_two_border_width__hover_enabled=\"off\" button_border_color__hover_enabled=\"off\" button_one_border_color__hover_enabled=\"off\" button_two_border_color__hover_enabled=\"off\" button_border_radius__hover_enabled=\"off\" button_one_border_radius__hover_enabled=\"off\" button_two_border_radius__hover_enabled=\"off\" button_letter_spacing__hover_enabled=\"off\" button_one_letter_spacing__hover_enabled=\"off\" button_two_letter_spacing__hover_enabled=\"off\" button_bg_color__hover_enabled=\"off\" button_one_bg_color__hover_enabled=\"off\" button_two_bg_color__hover_enabled=\"off\"]<\/p><p style=\"font-size: 45px;\"><strong> SIGNAGE<\/strong><\/p><p>[\/et_pb_slide][\/et_pb_fullwidth_slider][\/et_pb_section][et_pb_section fb_built=\"1\" _builder_version=\"3.22\" background_color=\"#9D071D\" custom_padding=\"0px||0px|\"][et_pb_row _builder_version=\"3.25\" custom_margin=\"0px||0px|\" custom_padding=\"10px||10px|\" custom_css_main_element=\"padding-bottom: 0.75em;\" column_structure=\"1_3,2_3\"][et_pb_column type=\"1_3\" _builder_version=\"3.25\" custom_padding=\"0px||0px|\" custom_padding__hover=\"|||\"][et_pb_text _builder_version=\"3.27.4\" text_font=\"Montserrat|on|||\" text_font_size=\"18px\" background_layout=\"dark\" custom_margin=\"0px||0px|\" custom_padding=\"0px||0px|\"]<\/p><p>DIGITAL SIGNAGE<\/p><p>[\/et_pb_text][\/et_pb_column][et_pb_column type=\"2_3\" _builder_version=\"3.25\" custom_padding=\"0px||0px|\" custom_padding__hover=\"|||\"][\/et_pb_column][\/et_pb_row][\/et_pb_section][et_pb_section fb_built=\"1\" _builder_version=\"3.22\" background_color=\"#ededed\"][et_pb_row _builder_version=\"3.25\" column_structure=\"1_3,2_3\"][et_pb_column type=\"1_3\" _builder_version=\"3.25\" custom_padding=\"|||\" custom_padding__hover=\"|||\"][et_pb_image src=\"https:\/\/www.mima.it\/wp-content\/uploads\/2017\/07\/totem.png\" align_tablet=\"center\" align_last_edited=\"on|desktop\" _builder_version=\"3.23\" animation_style=\"slide\" animation_direction=\"left\" animation_duration=\"500ms\" animation_intensity_slide=\"10%\"][\/et_pb_image][\/et_pb_column][et_pb_column type=\"2_3\" _builder_version=\"3.25\" custom_padding=\"|||\" custom_padding__hover=\"|||\"][et_pb_text _builder_version=\"4.0.11\" hover_enabled=\"0\"]<\/p><h2>btotem<\/h2><h4>Il totem d\u2019informazione interattivo.<\/h4><p>Grazie a btotem verifichi il prezzo dei prodotti,<br \/>stampi il biglietto per il tuo reparto, le ricette,<br \/>il libro ingredienti e molto altro ancora.<\/p><p>[\/et_pb_text][\/et_pb_column][\/et_pb_row][\/et_pb_section][et_pb_section fb_built=\"1\" _builder_version=\"3.22\"][et_pb_row _builder_version=\"3.25\" column_structure=\"2_3,1_3\"][et_pb_column type=\"2_3\" _builder_version=\"3.25\" custom_padding=\"|||\" custom_padding__hover=\"|||\"][et_pb_text _builder_version=\"3.27.4\"]<\/p><h2>bplayer<\/h2><h4>Sistema di digital signage per informare, promuovere e intrattenere.<\/h4><p>Con bplayer gestisci la coda ai banchi serviti del supermercato e puoi informare, mostrando prezzi e promozioni in corsia, e intrattenere, con video promozionali multimediali, il cliente nel punto vendita.<\/p><p>[\/et_pb_text][\/et_pb_column][et_pb_column type=\"1_3\" _builder_version=\"3.25\" custom_padding=\"|||\" custom_padding__hover=\"|||\"][et_pb_image src=\"https:\/\/www.mima.it\/wp-content\/uploads\/2017\/07\/bplayer_pic.jpg\" align_tablet=\"center\" align_last_edited=\"on|desktop\" _builder_version=\"3.23\" animation_style=\"slide\" animation_direction=\"left\" animation_duration=\"500ms\" animation_intensity_slide=\"10%\"][\/et_pb_image][\/et_pb_column][\/et_pb_row][\/et_pb_section][et_pb_section fb_built=\"1\" _builder_version=\"3.22\"][et_pb_row _builder_version=\"3.25\"][et_pb_column type=\"4_4\" _builder_version=\"3.25\" custom_padding=\"|||\" custom_padding__hover=\"|||\"][et_pb_gallery gallery_ids=\"771,773,774,775\" show_title_and_caption=\"off\" _builder_version=\"3.0.64\"][\/et_pb_gallery][\/et_pb_column][\/et_pb_row][\/et_pb_section]<\/p>","_et_gb_content_width":"","footnotes":""},"class_list":["post-4412","page","type-page","status-publish","has-post-thumbnail","hentry"],"yoast_head":"<!-- This site is optimized with the Yoast SEO plugin v26.8 - https:\/\/yoast.com\/product\/yoast-seo-wordpress\/ -->\n<title>DIGITAL SIGNAGE - Mima Srl<\/title>\n<meta name=\"robots\" content=\"index, follow, max-snippet:-1, max-image-preview:large, max-video-preview:-1\" \/>\n<link rel=\"canonical\" href=\"https:\/\/www.mima.it\/de\/digital-signage\/\" \/>\n<meta property=\"og:locale\" content=\"de_DE\" \/>\n<meta property=\"og:type\" content=\"article\" \/>\n<meta property=\"og:title\" content=\"DIGITAL SIGNAGE - Mima Srl\" \/>\n<meta property=\"og:description\" content=\"SIGNAGE DIGITAL SIGNAGE btotem Das interaktive Informations-Totem. Dank btotem k\u00f6nnen Sie den Preis der Produkte \u00fcberpr\u00fcfen,Sie drucken das Ticket f\u00fcr Ihre Abteilung, die Rezepte,das Zutatenbuch und vieles mehr.bplayer Digitales Signatur-System zur Information, F\u00f6rderung und Unterhaltung. Mit bplayer verwalten Sie die Warteschlange an den bedienten Schaltern des Supermarktes und sie k\u00f6nnen informieren, Preise und Werbeaktionen in [&hellip;]\" \/>\n<meta property=\"og:url\" content=\"https:\/\/www.mima.it\/de\/digital-signage\/\" \/>\n<meta property=\"og:site_name\" content=\"Mima Srl\" \/>\n<meta property=\"article:modified_time\" content=\"2022-01-25T12:29:00+00:00\" \/>\n<meta property=\"og:image\" content=\"https:\/\/www.mima.it\/wp-content\/uploads\/2017\/07\/landing-nota.jpg\" \/>\n\t<meta property=\"og:image:width\" content=\"940\" \/>\n\t<meta property=\"og:image:height\" content=\"588\" \/>\n\t<meta property=\"og:image:type\" content=\"image\/jpeg\" \/>\n<meta name=\"twitter:card\" content=\"summary_large_image\" \/>\n<meta name=\"twitter:label1\" content=\"Gesch\u00e4tzte Lesezeit\" \/>\n\t<meta name=\"twitter:data1\" content=\"4\u00a0Minuten\" \/>\n<script type=\"application\/ld+json\" class=\"yoast-schema-graph\">{\"@context\":\"https:\/\/schema.org\",\"@graph\":[{\"@type\":\"WebPage\",\"@id\":\"https:\/\/www.mima.it\/de\/digital-signage\/\",\"url\":\"https:\/\/www.mima.it\/de\/digital-signage\/\",\"name\":\"DIGITAL SIGNAGE - Mima Srl\",\"isPartOf\":{\"@id\":\"https:\/\/www.mima.it\/#website\"},\"primaryImageOfPage\":{\"@id\":\"https:\/\/www.mima.it\/de\/digital-signage\/#primaryimage\"},\"image\":{\"@id\":\"https:\/\/www.mima.it\/de\/digital-signage\/#primaryimage\"},\"thumbnailUrl\":\"https:\/\/www.mima.it\/wp-content\/uploads\/2017\/07\/landing-nota.jpg\",\"datePublished\":\"2021-12-06T18:52:10+00:00\",\"dateModified\":\"2022-01-25T12:29:00+00:00\",\"breadcrumb\":{\"@id\":\"https:\/\/www.mima.it\/de\/digital-signage\/#breadcrumb\"},\"inLanguage\":\"de\",\"potentialAction\":[{\"@type\":\"ReadAction\",\"target\":[\"https:\/\/www.mima.it\/de\/digital-signage\/\"]}]},{\"@type\":\"ImageObject\",\"inLanguage\":\"de\",\"@id\":\"https:\/\/www.mima.it\/de\/digital-signage\/#primaryimage\",\"url\":\"https:\/\/www.mima.it\/wp-content\/uploads\/2017\/07\/landing-nota.jpg\",\"contentUrl\":\"https:\/\/www.mima.it\/wp-content\/uploads\/2017\/07\/landing-nota.jpg\",\"width\":940,\"height\":588},{\"@type\":\"BreadcrumbList\",\"@id\":\"https:\/\/www.mima.it\/de\/digital-signage\/#breadcrumb\",\"itemListElement\":[{\"@type\":\"ListItem\",\"position\":1,\"name\":\"Home\",\"item\":\"https:\/\/www.mima.it\/de\/\"},{\"@type\":\"ListItem\",\"position\":2,\"name\":\"DIGITAL SIGNAGE\"}]},{\"@type\":\"WebSite\",\"@id\":\"https:\/\/www.mima.it\/#website\",\"url\":\"https:\/\/www.mima.it\/\",\"name\":\"Mima Srl\",\"description\":\"Da 25 anni al fianco dei professionisti\",\"potentialAction\":[{\"@type\":\"SearchAction\",\"target\":{\"@type\":\"EntryPoint\",\"urlTemplate\":\"https:\/\/www.mima.it\/?s={search_term_string}\"},\"query-input\":{\"@type\":\"PropertyValueSpecification\",\"valueRequired\":true,\"valueName\":\"search_term_string\"}}],\"inLanguage\":\"de\"}]}<\/script>\n<!-- \/ Yoast SEO plugin. -->","yoast_head_json":{"title":"DIGITAL SIGNAGE - Mima Srl","robots":{"index":"index","follow":"follow","max-snippet":"max-snippet:-1","max-image-preview":"max-image-preview:large","max-video-preview":"max-video-preview:-1"},"canonical":"https:\/\/www.mima.it\/de\/digital-signage\/","og_locale":"de_DE","og_type":"article","og_title":"DIGITAL SIGNAGE - Mima Srl","og_description":"SIGNAGE DIGITAL SIGNAGE btotem Das interaktive Informations-Totem. Dank btotem k\u00f6nnen Sie den Preis der Produkte \u00fcberpr\u00fcfen,Sie drucken das Ticket f\u00fcr Ihre Abteilung, die Rezepte,das Zutatenbuch und vieles mehr.bplayer Digitales Signatur-System zur Information, F\u00f6rderung und Unterhaltung. Mit bplayer verwalten Sie die Warteschlange an den bedienten Schaltern des Supermarktes und sie k\u00f6nnen informieren, Preise und Werbeaktionen in [&hellip;]","og_url":"https:\/\/www.mima.it\/de\/digital-signage\/","og_site_name":"Mima Srl","article_modified_time":"2022-01-25T12:29:00+00:00","og_image":[{"width":940,"height":588,"url":"https:\/\/www.mima.it\/wp-content\/uploads\/2017\/07\/landing-nota.jpg","type":"image\/jpeg"}],"twitter_card":"summary_large_image","twitter_misc":{"Gesch\u00e4tzte Lesezeit":"4\u00a0Minuten"},"schema":{"@context":"https:\/\/schema.org","@graph":[{"@type":"WebPage","@id":"https:\/\/www.mima.it\/de\/digital-signage\/","url":"https:\/\/www.mima.it\/de\/digital-signage\/","name":"DIGITAL SIGNAGE - Mima Srl","isPartOf":{"@id":"https:\/\/www.mima.it\/#website"},"primaryImageOfPage":{"@id":"https:\/\/www.mima.it\/de\/digital-signage\/#primaryimage"},"image":{"@id":"https:\/\/www.mima.it\/de\/digital-signage\/#primaryimage"},"thumbnailUrl":"https:\/\/www.mima.it\/wp-content\/uploads\/2017\/07\/landing-nota.jpg","datePublished":"2021-12-06T18:52:10+00:00","dateModified":"2022-01-25T12:29:00+00:00","breadcrumb":{"@id":"https:\/\/www.mima.it\/de\/digital-signage\/#breadcrumb"},"inLanguage":"de","potentialAction":[{"@type":"ReadAction","target":["https:\/\/www.mima.it\/de\/digital-signage\/"]}]},{"@type":"ImageObject","inLanguage":"de","@id":"https:\/\/www.mima.it\/de\/digital-signage\/#primaryimage","url":"https:\/\/www.mima.it\/wp-content\/uploads\/2017\/07\/landing-nota.jpg","contentUrl":"https:\/\/www.mima.it\/wp-content\/uploads\/2017\/07\/landing-nota.jpg","width":940,"height":588},{"@type":"BreadcrumbList","@id":"https:\/\/www.mima.it\/de\/digital-signage\/#breadcrumb","itemListElement":[{"@type":"ListItem","position":1,"name":"Home","item":"https:\/\/www.mima.it\/de\/"},{"@type":"ListItem","position":2,"name":"DIGITAL SIGNAGE"}]},{"@type":"WebSite","@id":"https:\/\/www.mima.it\/#website","url":"https:\/\/www.mima.it\/","name":"Mima Srl","description":"Da 25 anni al fianco dei professionisti","potentialAction":[{"@type":"SearchAction","target":{"@type":"EntryPoint","urlTemplate":"https:\/\/www.mima.it\/?s={search_term_string}"},"query-input":{"@type":"PropertyValueSpecification","valueRequired":true,"valueName":"search_term_string"}}],"inLanguage":"de"}]}},"_links":{"self":[{"href":"https:\/\/www.mima.it\/de\/wp-json\/wp\/v2\/pages\/4412","targetHints":{"allow":["GET"]}}],"collection":[{"href":"https:\/\/www.mima.it\/de\/wp-json\/wp\/v2\/pages"}],"about":[{"href":"https:\/\/www.mima.it\/de\/wp-json\/wp\/v2\/types\/page"}],"author":[{"embeddable":true,"href":"https:\/\/www.mima.it\/de\/wp-json\/wp\/v2\/users\/8"}],"replies":[{"embeddable":true,"href":"https:\/\/www.mima.it\/de\/wp-json\/wp\/v2\/comments?post=4412"}],"version-history":[{"count":6,"href":"https:\/\/www.mima.it\/de\/wp-json\/wp\/v2\/pages\/4412\/revisions"}],"predecessor-version":[{"id":4952,"href":"https:\/\/www.mima.it\/de\/wp-json\/wp\/v2\/pages\/4412\/revisions\/4952"}],"wp:featuredmedia":[{"embeddable":true,"href":"https:\/\/www.mima.it\/de\/wp-json\/wp\/v2\/media\/3811"}],"wp:attachment":[{"href":"https:\/\/www.mima.it\/de\/wp-json\/wp\/v2\/media?parent=4412"}],"curies":[{"name":"wp","href":"https:\/\/api.w.org\/{rel}","templated":true}]}}