{"id":4417,"date":"2021-12-06T19:53:24","date_gmt":"2021-12-06T18:53:24","guid":{"rendered":"https:\/\/www.mima.it\/?page_id=4417"},"modified":"2022-01-25T13:42:22","modified_gmt":"2022-01-25T12:42:22","slug":"werbemarker-fur-regale","status":"publish","type":"page","link":"https:\/\/www.mima.it\/de\/werbemarker-fur-regale\/","title":{"rendered":"WERBEMARKER F\u00dcR REGALE"},"content":{"rendered":"<p>[et_pb_section fb_built=&#8220;1&#8243; fullwidth=&#8220;on&#8220; _builder_version=&#8220;3.22&#8243; background_video_mp4=&#8220;https:\/\/www.mima.it\/wp-content\/uploads\/2017\/07\/video-etichette.mp4&#8243; custom_padding=&#8220;0px|0px|822px|0px&#8220; custom_css_main_element=&#8220;border-top: 10px;||border-color: #C80421;&#8220;][\/et_pb_section][et_pb_section fb_built=&#8220;1&#8243; _builder_version=&#8220;3.22&#8243; background_color=&#8220;#9D071D&#8220; custom_padding=&#8220;0px||0px|&#8220;][et_pb_row column_structure=&#8220;1_3,2_3&#8243; _builder_version=&#8220;4.5.3&#8243; custom_margin=&#8220;0px||0px|&#8220; custom_padding=&#8220;10px||10px|&#8220; hover_enabled=&#8220;0&#8243; custom_css_main_element=&#8220;padding-bottom: 0.75em;&#8220;][et_pb_column type=&#8220;1_3&#8243; _builder_version=&#8220;3.25&#8243; custom_padding=&#8220;0px||0px|&#8220; custom_padding__hover=&#8220;|||&#8220;][et_pb_text _builder_version=&#8220;4.5.3&#8243; text_font=&#8220;Montserrat|on|||&#8220; text_font_size=&#8220;18px&#8220; background_layout=&#8220;dark&#8220; custom_margin=&#8220;0px||0px|&#8220; custom_padding=&#8220;0px||0px|&#8220;]<\/p>\n<p>WERBEMARKER F\u00dcR REGALE<\/p>\n<p>[\/et_pb_text][\/et_pb_column][et_pb_column type=&#8220;2_3&#8243; _builder_version=&#8220;3.25&#8243; custom_padding=&#8220;0px||0px|&#8220; custom_padding__hover=&#8220;|||&#8220;][\/et_pb_column][\/et_pb_row][\/et_pb_section][et_pb_section fb_built=&#8220;1&#8243; admin_label=&#8220;section&#8220; _builder_version=&#8220;3.22&#8243; custom_padding=&#8220;54px|0px|0px|0px&#8220;][et_pb_row _builder_version=&#8220;3.25&#8243;][et_pb_column type=&#8220;4_4&#8243; _builder_version=&#8220;3.25&#8243; custom_padding=&#8220;|||&#8220; custom_padding__hover=&#8220;|||&#8220;][et_pb_text _builder_version=&#8220;3.27.4&#8243;]<\/p>\n<p><strong>Innovatives visuelles Kommunikationssystem f\u00fcr die Verkaufsstelle<\/strong><\/p>\n<p>Wir entwerfen und entwickeln Werbemarker f\u00fcr Regale, die in der Lage sind, die Eigenschaften der Artikel auf ausdrucksstarke Weise zu kommunizieren und zu f\u00f6rdern. Sie erm\u00f6glichen es Ihnen, Visual-Merchandising-Strategien im Einklang mit der Identit\u00e4t Ihres Gesch\u00e4fts durchzuf\u00fchren, das Gesch\u00e4ft zu erneuern und den Kunden zum Kauf anzuregen.<\/p>\n<p>Sie sind kompatibel mit kleinen, mittleren und gro\u00dfen elektronischen Etiketten.<\/p>\n<p>&nbsp;<\/p>\n<p><strong>Warum bsystem3 verwenden?<\/strong><\/p>\n<p>[\/et_pb_text][\/et_pb_column][\/et_pb_row][\/et_pb_section][et_pb_section fb_built=&#8220;1&#8243; _builder_version=&#8220;3.22&#8243; custom_padding=&#8220;0px|0px|54px|0px&#8220;][et_pb_row column_structure=&#8220;1_4,1_4,1_4,1_4&#8243; _builder_version=&#8220;3.25&#8243; custom_padding=&#8220;0px|0px|27px|0px&#8220;][et_pb_column type=&#8220;1_4&#8243; _builder_version=&#8220;3.25&#8243; custom_padding=&#8220;|||&#8220; custom_padding__hover=&#8220;|||&#8220;][et_pb_blurb title=&#8220;Anpassbar&#8220; image=&#8220;https:\/\/www.mima.it\/wp-content\/uploads\/2017\/07\/Icon_evidenziatore_scaffale-3.png&#8220; image_max_width=&#8220;none&#8220; _builder_version=&#8220;3.0.74&#8243; text_orientation=&#8220;center&#8220;]<\/p>\n<p style=\"text-align: center;\">Erm\u00f6glicht, endlose Kombinationen erstellen und die visuelle Kommunikation \u00e4u\u00dferst effektiv zu gestalten.<\/p>\n<p>[\/et_pb_blurb][\/et_pb_column][et_pb_column type=&#8220;1_4&#8243; _builder_version=&#8220;3.25&#8243; custom_padding=&#8220;|||&#8220; custom_padding__hover=&#8220;|||&#8220;][et_pb_blurb title=&#8220;Widerstandsf\u00e4hig&#8220; image=&#8220;https:\/\/www.mima.it\/wp-content\/uploads\/2017\/07\/Icon_evidenziatore_scaffale_resistente.png&#8220; image_max_width=&#8220;none&#8220; _builder_version=&#8220;3.0.74&#8243; text_orientation=&#8220;center&#8220;]<\/p>\n<p>Hergestellt aus Polypropylen, extrem flexibel und unverw\u00fcstlich.<\/p>\n<p>[\/et_pb_blurb][\/et_pb_column][et_pb_column type=&#8220;1_4&#8243; _builder_version=&#8220;3.25&#8243; custom_padding=&#8220;|||&#8220; custom_padding__hover=&#8220;|||&#8220;][et_pb_blurb title=&#8220;Effizient&#8220; image=&#8220;https:\/\/www.mima.it\/wp-content\/uploads\/2017\/07\/Icon_evidenziatore_efficace.png&#8220; image_max_width=&#8220;none&#8220; _builder_version=&#8220;3.0.74&#8243; text_orientation=&#8220;center&#8220;]<\/p>\n<p>Erm\u00f6glicht es Ihnen, eine unmittelbarere und wirkungsvollere Kommunikation zu schaffen.<\/p>\n<p>[\/et_pb_blurb][\/et_pb_column][et_pb_column type=&#8220;1_4&#8243; _builder_version=&#8220;3.25&#8243; custom_padding=&#8220;|||&#8220; custom_padding__hover=&#8220;|||&#8220;][et_pb_blurb title=&#8220;Schnelle Einrichtung&#8220; image=&#8220;https:\/\/www.mima.it\/wp-content\/uploads\/2017\/07\/Icon_evidenziatore_scaffale_veloce.png&#8220; image_max_width=&#8220;none&#8220; _builder_version=&#8220;3.0.74&#8243; text_orientation=&#8220;center&#8220; hover_enabled=&#8220;0&#8243;]<\/p>\n<p>Die Geschwindigkeit der Anwendung und die doppelseitige Kommunikation erm\u00f6glichen eine schnelle Einrichtung, wodurch die Kosten f\u00fcr die Verwaltung des Gesch\u00e4fts gesenkt werden.<\/p>\n<p>[\/et_pb_blurb][\/et_pb_column][\/et_pb_row][\/et_pb_section][et_pb_section fb_built=&#8220;1&#8243; _builder_version=&#8220;3.22&#8243;][et_pb_row _builder_version=&#8220;3.25&#8243;][et_pb_column type=&#8220;4_4&#8243; _builder_version=&#8220;3.25&#8243; custom_padding=&#8220;|||&#8220; custom_padding__hover=&#8220;|||&#8220;][et_pb_gallery gallery_ids=&#8220;3903,3904,3905,3906&#8243; show_title_and_caption=&#8220;off&#8220; _builder_version=&#8220;3.0.64&#8243;][\/et_pb_gallery][\/et_pb_column][\/et_pb_row][\/et_pb_section]<\/p>\n","protected":false},"excerpt":{"rendered":"<p>WERBEMARKER F\u00dcR REGALEInnovatives visuelles Kommunikationssystem f\u00fcr die Verkaufsstelle Wir entwerfen und entwickeln Werbemarker f\u00fcr Regale, die in der Lage sind, die Eigenschaften der Artikel auf ausdrucksstarke Weise zu kommunizieren und zu f\u00f6rdern. Sie erm\u00f6glichen es Ihnen, Visual-Merchandising-Strategien im Einklang mit der Identit\u00e4t Ihres Gesch\u00e4fts durchzuf\u00fchren, das Gesch\u00e4ft zu erneuern und den Kunden zum Kauf anzuregen. [&hellip;]<\/p>\n","protected":false},"author":8,"featured_media":3811,"parent":0,"menu_order":0,"comment_status":"closed","ping_status":"closed","template":"","meta":{"_et_pb_use_builder":"on","_et_pb_old_content":"<p>[et_pb_section fb_built=\"1\" custom_padding=\"0px|0px|822px|0px\" fullwidth=\"on\" _builder_version=\"3.0.64\" background_video_mp4=\"https:\/\/www.mima.it\/wp-content\/uploads\/2017\/07\/video-etichette.mp4\" custom_css_main_element=\"border-top: 10px;||border-color: #C80421;\"][\/et_pb_section][et_pb_section fb_built=\"1\" background_color=\"#9D071D\" custom_padding=\"0px||0px|\" _builder_version=\"3.0.51\"][et_pb_row custom_padding=\"10px||10px|\" custom_margin=\"0px||0px|\" padding_top_1=\"0px\" padding_bottom_1=\"0px\" padding_top_2=\"0px\" padding_bottom_2=\"0px\" _builder_version=\"3.0.64\" custom_css_main_element=\"padding-bottom: 0.75em;\"][et_pb_column type=\"1_3\" _builder_version=\"3.0.47\" padding_bottom=\"0px\" padding_top=\"0px\" parallax=\"off\" parallax_method=\"on\"][et_pb_text background_layout=\"dark\" _builder_version=\"3.0.64\" text_font=\"Montserrat|on|||\" text_font_size=\"18px\" custom_margin=\"0px||0px|\" custom_padding=\"0px||0px|\"]<\/p><p>EVIDENZIATORI PER SCAFFALI<\/p><p>[\/et_pb_text][\/et_pb_column][et_pb_column type=\"2_3\" _builder_version=\"3.0.47\" padding_bottom=\"0px\" padding_top=\"0px\" parallax=\"off\" parallax_method=\"on\"][\/et_pb_column][\/et_pb_row][\/et_pb_section][et_pb_section fb_built=\"1\" custom_padding=\"54px|0px|0px|0px\" admin_label=\"section\" _builder_version=\"3.0.47\"][et_pb_row _builder_version=\"3.0.64\"][et_pb_column type=\"4_4\" _builder_version=\"3.0.64\" parallax=\"off\" parallax_method=\"on\"][et_pb_text _builder_version=\"3.0.64\"]<\/p><p><b>Innovativo sistema di comunicazione visiva per il punto vendita<\/b><\/p><p>Progettiamo e sviluppiamo evidenziatori promozionali per scaffali in grado di comunicare e promuovere in maniera espressiva le caratteristiche degli articoli. Ti permettono di effettuare strategie di visual merchandising in linea con l\u2019identit\u00e0 del tuo negozio, innovando il punto vendita e stimolando il cliente all\u2019acquisto.<\/p><p>Sono compatibili con le etichette elettroniche small, medium e large.<\/p><p>\u00a0<\/p><p><b>Perch\u00e9 utilizzare bsystem3<\/b><\/p><p>[\/et_pb_text][\/et_pb_column][\/et_pb_row][\/et_pb_section][et_pb_section fb_built=\"1\" custom_padding=\"0px|0px|54px|0px\" _builder_version=\"3.0.64\"][et_pb_row custom_padding=\"0px|0px|27px|0px\" _builder_version=\"3.0.64\"][et_pb_column type=\"1_4\" _builder_version=\"3.0.64\" parallax=\"off\" parallax_method=\"on\"][et_pb_blurb title=\"Personalizzabile\" image=\"https:\/\/www.mima.it\/wp-content\/uploads\/2017\/07\/Icon_evidenziatore_scaffale-3.png\" text_orientation=\"center\" _builder_version=\"3.0.64\"]<\/p><p style=\"text-align: center;\">\u00e8 possibile creare infinite combinazioni e rendere la comunicazione visiva estremamente efficace.<\/p><p>[\/et_pb_blurb][\/et_pb_column][et_pb_column type=\"1_4\" _builder_version=\"3.0.64\" parallax=\"off\" parallax_method=\"on\"][et_pb_blurb title=\"Resistente\" image=\"https:\/\/www.mima.it\/wp-content\/uploads\/2017\/07\/Icon_evidenziatore_scaffale_resistente.png\" text_orientation=\"center\" _builder_version=\"3.0.64\"]<\/p><p>realizzato in polipropilene, estremamente flessibile e indistruttibile.<\/p><p>[\/et_pb_blurb][\/et_pb_column][et_pb_column type=\"1_4\" _builder_version=\"3.0.64\" parallax=\"off\" parallax_method=\"on\"][et_pb_blurb title=\"Efficace\" image=\"https:\/\/www.mima.it\/wp-content\/uploads\/2017\/07\/Icon_evidenziatore_efficace.png\" text_orientation=\"center\" _builder_version=\"3.0.64\"]<\/p><p>permette di creare una comunicazione pi\u00f9 immediata e d\u2019impatto.<\/p><p>[\/et_pb_blurb][\/et_pb_column][et_pb_column type=\"1_4\" _builder_version=\"3.0.64\" parallax=\"off\" parallax_method=\"on\"][et_pb_blurb title=\"Allestimento rapido\" image=\"https:\/\/www.mima.it\/wp-content\/uploads\/2017\/07\/Icon_evidenziatore_scaffale_veloce.png\" text_orientation=\"center\" _builder_version=\"3.0.64\"]<\/p><p>la velocit\u00e0 di applicazione e la comunicazione bifacciale permettono un rapido allestimento riducendo i costi di gestione del negozio.<\/p><p>[\/et_pb_blurb][\/et_pb_column][\/et_pb_row][\/et_pb_section][et_pb_section fb_built=\"1\" _builder_version=\"3.0.63\"][et_pb_row _builder_version=\"3.0.63\"][et_pb_column type=\"4_4\" _builder_version=\"3.0.47\" parallax=\"off\" parallax_method=\"on\"][et_pb_gallery gallery_ids=\"771,773,774,775\" posts_number=\"4\" show_title_and_caption=\"off\" _builder_version=\"3.0.64\"][\/et_pb_gallery][\/et_pb_column][\/et_pb_row][\/et_pb_section]<\/p>","_et_gb_content_width":"","footnotes":""},"class_list":["post-4417","page","type-page","status-publish","has-post-thumbnail","hentry"],"yoast_head":"<!-- This site is optimized with the Yoast SEO plugin v26.8 - https:\/\/yoast.com\/product\/yoast-seo-wordpress\/ -->\n<title>WERBEMARKER F\u00dcR REGALE - Mima Srl<\/title>\n<meta name=\"robots\" content=\"index, follow, max-snippet:-1, max-image-preview:large, max-video-preview:-1\" \/>\n<link rel=\"canonical\" href=\"https:\/\/www.mima.it\/de\/werbemarker-fur-regale\/\" \/>\n<meta property=\"og:locale\" content=\"de_DE\" \/>\n<meta property=\"og:type\" content=\"article\" \/>\n<meta property=\"og:title\" content=\"WERBEMARKER F\u00dcR REGALE - Mima Srl\" \/>\n<meta property=\"og:description\" content=\"WERBEMARKER F\u00dcR REGALEInnovatives visuelles Kommunikationssystem f\u00fcr die Verkaufsstelle Wir entwerfen und entwickeln Werbemarker f\u00fcr Regale, die in der Lage sind, die Eigenschaften der Artikel auf ausdrucksstarke Weise zu kommunizieren und zu f\u00f6rdern. Sie erm\u00f6glichen es Ihnen, Visual-Merchandising-Strategien im Einklang mit der Identit\u00e4t Ihres Gesch\u00e4fts durchzuf\u00fchren, das Gesch\u00e4ft zu erneuern und den Kunden zum Kauf anzuregen. [&hellip;]\" \/>\n<meta property=\"og:url\" content=\"https:\/\/www.mima.it\/de\/werbemarker-fur-regale\/\" \/>\n<meta property=\"og:site_name\" content=\"Mima Srl\" \/>\n<meta property=\"article:modified_time\" content=\"2022-01-25T12:42:22+00:00\" \/>\n<meta property=\"og:image\" content=\"https:\/\/www.mima.it\/wp-content\/uploads\/2017\/07\/landing-nota.jpg\" \/>\n\t<meta property=\"og:image:width\" content=\"940\" \/>\n\t<meta property=\"og:image:height\" content=\"588\" \/>\n\t<meta property=\"og:image:type\" content=\"image\/jpeg\" \/>\n<meta name=\"twitter:card\" content=\"summary_large_image\" \/>\n<meta name=\"twitter:label1\" content=\"Gesch\u00e4tzte Lesezeit\" \/>\n\t<meta name=\"twitter:data1\" content=\"3\u00a0Minuten\" \/>\n<script type=\"application\/ld+json\" class=\"yoast-schema-graph\">{\"@context\":\"https:\/\/schema.org\",\"@graph\":[{\"@type\":\"WebPage\",\"@id\":\"https:\/\/www.mima.it\/de\/werbemarker-fur-regale\/\",\"url\":\"https:\/\/www.mima.it\/de\/werbemarker-fur-regale\/\",\"name\":\"WERBEMARKER F\u00dcR REGALE - Mima Srl\",\"isPartOf\":{\"@id\":\"https:\/\/www.mima.it\/#website\"},\"primaryImageOfPage\":{\"@id\":\"https:\/\/www.mima.it\/de\/werbemarker-fur-regale\/#primaryimage\"},\"image\":{\"@id\":\"https:\/\/www.mima.it\/de\/werbemarker-fur-regale\/#primaryimage\"},\"thumbnailUrl\":\"https:\/\/www.mima.it\/wp-content\/uploads\/2017\/07\/landing-nota.jpg\",\"datePublished\":\"2021-12-06T18:53:24+00:00\",\"dateModified\":\"2022-01-25T12:42:22+00:00\",\"breadcrumb\":{\"@id\":\"https:\/\/www.mima.it\/de\/werbemarker-fur-regale\/#breadcrumb\"},\"inLanguage\":\"de\",\"potentialAction\":[{\"@type\":\"ReadAction\",\"target\":[\"https:\/\/www.mima.it\/de\/werbemarker-fur-regale\/\"]}]},{\"@type\":\"ImageObject\",\"inLanguage\":\"de\",\"@id\":\"https:\/\/www.mima.it\/de\/werbemarker-fur-regale\/#primaryimage\",\"url\":\"https:\/\/www.mima.it\/wp-content\/uploads\/2017\/07\/landing-nota.jpg\",\"contentUrl\":\"https:\/\/www.mima.it\/wp-content\/uploads\/2017\/07\/landing-nota.jpg\",\"width\":940,\"height\":588},{\"@type\":\"BreadcrumbList\",\"@id\":\"https:\/\/www.mima.it\/de\/werbemarker-fur-regale\/#breadcrumb\",\"itemListElement\":[{\"@type\":\"ListItem\",\"position\":1,\"name\":\"Home\",\"item\":\"https:\/\/www.mima.it\/de\/\"},{\"@type\":\"ListItem\",\"position\":2,\"name\":\"WERBEMARKER F\u00dcR REGALE\"}]},{\"@type\":\"WebSite\",\"@id\":\"https:\/\/www.mima.it\/#website\",\"url\":\"https:\/\/www.mima.it\/\",\"name\":\"Mima Srl\",\"description\":\"Da 25 anni al fianco dei professionisti\",\"potentialAction\":[{\"@type\":\"SearchAction\",\"target\":{\"@type\":\"EntryPoint\",\"urlTemplate\":\"https:\/\/www.mima.it\/?s={search_term_string}\"},\"query-input\":{\"@type\":\"PropertyValueSpecification\",\"valueRequired\":true,\"valueName\":\"search_term_string\"}}],\"inLanguage\":\"de\"}]}<\/script>\n<!-- \/ Yoast SEO plugin. -->","yoast_head_json":{"title":"WERBEMARKER F\u00dcR REGALE - Mima Srl","robots":{"index":"index","follow":"follow","max-snippet":"max-snippet:-1","max-image-preview":"max-image-preview:large","max-video-preview":"max-video-preview:-1"},"canonical":"https:\/\/www.mima.it\/de\/werbemarker-fur-regale\/","og_locale":"de_DE","og_type":"article","og_title":"WERBEMARKER F\u00dcR REGALE - Mima Srl","og_description":"WERBEMARKER F\u00dcR REGALEInnovatives visuelles Kommunikationssystem f\u00fcr die Verkaufsstelle Wir entwerfen und entwickeln Werbemarker f\u00fcr Regale, die in der Lage sind, die Eigenschaften der Artikel auf ausdrucksstarke Weise zu kommunizieren und zu f\u00f6rdern. Sie erm\u00f6glichen es Ihnen, Visual-Merchandising-Strategien im Einklang mit der Identit\u00e4t Ihres Gesch\u00e4fts durchzuf\u00fchren, das Gesch\u00e4ft zu erneuern und den Kunden zum Kauf anzuregen. [&hellip;]","og_url":"https:\/\/www.mima.it\/de\/werbemarker-fur-regale\/","og_site_name":"Mima Srl","article_modified_time":"2022-01-25T12:42:22+00:00","og_image":[{"width":940,"height":588,"url":"https:\/\/www.mima.it\/wp-content\/uploads\/2017\/07\/landing-nota.jpg","type":"image\/jpeg"}],"twitter_card":"summary_large_image","twitter_misc":{"Gesch\u00e4tzte Lesezeit":"3\u00a0Minuten"},"schema":{"@context":"https:\/\/schema.org","@graph":[{"@type":"WebPage","@id":"https:\/\/www.mima.it\/de\/werbemarker-fur-regale\/","url":"https:\/\/www.mima.it\/de\/werbemarker-fur-regale\/","name":"WERBEMARKER F\u00dcR REGALE - Mima Srl","isPartOf":{"@id":"https:\/\/www.mima.it\/#website"},"primaryImageOfPage":{"@id":"https:\/\/www.mima.it\/de\/werbemarker-fur-regale\/#primaryimage"},"image":{"@id":"https:\/\/www.mima.it\/de\/werbemarker-fur-regale\/#primaryimage"},"thumbnailUrl":"https:\/\/www.mima.it\/wp-content\/uploads\/2017\/07\/landing-nota.jpg","datePublished":"2021-12-06T18:53:24+00:00","dateModified":"2022-01-25T12:42:22+00:00","breadcrumb":{"@id":"https:\/\/www.mima.it\/de\/werbemarker-fur-regale\/#breadcrumb"},"inLanguage":"de","potentialAction":[{"@type":"ReadAction","target":["https:\/\/www.mima.it\/de\/werbemarker-fur-regale\/"]}]},{"@type":"ImageObject","inLanguage":"de","@id":"https:\/\/www.mima.it\/de\/werbemarker-fur-regale\/#primaryimage","url":"https:\/\/www.mima.it\/wp-content\/uploads\/2017\/07\/landing-nota.jpg","contentUrl":"https:\/\/www.mima.it\/wp-content\/uploads\/2017\/07\/landing-nota.jpg","width":940,"height":588},{"@type":"BreadcrumbList","@id":"https:\/\/www.mima.it\/de\/werbemarker-fur-regale\/#breadcrumb","itemListElement":[{"@type":"ListItem","position":1,"name":"Home","item":"https:\/\/www.mima.it\/de\/"},{"@type":"ListItem","position":2,"name":"WERBEMARKER F\u00dcR REGALE"}]},{"@type":"WebSite","@id":"https:\/\/www.mima.it\/#website","url":"https:\/\/www.mima.it\/","name":"Mima Srl","description":"Da 25 anni al fianco dei professionisti","potentialAction":[{"@type":"SearchAction","target":{"@type":"EntryPoint","urlTemplate":"https:\/\/www.mima.it\/?s={search_term_string}"},"query-input":{"@type":"PropertyValueSpecification","valueRequired":true,"valueName":"search_term_string"}}],"inLanguage":"de"}]}},"_links":{"self":[{"href":"https:\/\/www.mima.it\/de\/wp-json\/wp\/v2\/pages\/4417","targetHints":{"allow":["GET"]}}],"collection":[{"href":"https:\/\/www.mima.it\/de\/wp-json\/wp\/v2\/pages"}],"about":[{"href":"https:\/\/www.mima.it\/de\/wp-json\/wp\/v2\/types\/page"}],"author":[{"embeddable":true,"href":"https:\/\/www.mima.it\/de\/wp-json\/wp\/v2\/users\/8"}],"replies":[{"embeddable":true,"href":"https:\/\/www.mima.it\/de\/wp-json\/wp\/v2\/comments?post=4417"}],"version-history":[{"count":8,"href":"https:\/\/www.mima.it\/de\/wp-json\/wp\/v2\/pages\/4417\/revisions"}],"predecessor-version":[{"id":4958,"href":"https:\/\/www.mima.it\/de\/wp-json\/wp\/v2\/pages\/4417\/revisions\/4958"}],"wp:featuredmedia":[{"embeddable":true,"href":"https:\/\/www.mima.it\/de\/wp-json\/wp\/v2\/media\/3811"}],"wp:attachment":[{"href":"https:\/\/www.mima.it\/de\/wp-json\/wp\/v2\/media?parent=4417"}],"curies":[{"name":"wp","href":"https:\/\/api.w.org\/{rel}","templated":true}]}}