{"id":4801,"date":"2021-12-07T09:25:15","date_gmt":"2021-12-07T08:25:15","guid":{"rendered":"https:\/\/www.mima.it\/?page_id=4801"},"modified":"2024-07-31T13:31:59","modified_gmt":"2024-07-31T11:31:59","slug":"cookie-policy","status":"publish","type":"page","link":"https:\/\/www.mima.it\/de\/cookie-policy\/","title":{"rendered":"Cookie Policy"},"content":{"rendered":"<p>[et_pb_section fb_built=&#8220;1&#8243; _builder_version=&#8220;4.16&#8243; _module_preset=&#8220;default&#8220; global_colors_info=&#8220;{}&#8220;][et_pb_row _builder_version=&#8220;4.16&#8243; _module_preset=&#8220;default&#8220; global_colors_info=&#8220;{}&#8220;][et_pb_column type=&#8220;4_4&#8243; _builder_version=&#8220;4.16&#8243; _module_preset=&#8220;default&#8220; global_colors_info=&#8220;{}&#8220;][et_pb_text _builder_version=&#8220;4.27.0&#8243; _module_preset=&#8220;default&#8220; custom_margin=&#8220;||85px|||&#8220; hover_enabled=&#8220;0&#8243; global_colors_info=&#8220;{}&#8220; sticky_enabled=&#8220;0&#8243;]<\/p>\n<h1>COOKIE POLICY<\/h1>\n<p>&nbsp;<\/p>\n<p>Die Informationen zur Verarbeitung der durch Cookies gesammelten personenbezogenen Daten des Benutzers werden in \u00dcbereinstimmung mit den geltenden Gesetzen zum Schutz personenbezogener Daten, der Datenschutz-Grundverordnung EU 2016\/679, DSGVO bereitgestellt.<\/p>\n<p>PERSONAL DATA CONTROLLER<\/p>\n<p>Mima S.r.l., mit Sitz in via Galileo Galilei, 10 G, 39100 Bozen, info@mima.it<\/p>\n<p>WAS SIND COOKIES \u00ae Textfolgen, die Websites an das Ger\u00e4t des Benutzers senden, wo sie vom Browser gespeichert werden, der Informationen an diejenigen sendet, die die Cookies installiert haben, um die Navigation zu gew\u00e4hrleisten, Statistiken zu erstellen oder personalisierte Inhalte vorzuschlagen.<\/p>\n<p><span style=\"text-decoration: underline;\"><strong><\/strong><\/span><\/p>\n<h2><span style=\"text-decoration: underline;\"><strong>COOKIES<\/strong><\/span><\/h2>\n<p>Cookies sind kleine, in der Regel alphanumerische Textdateien, die beim Besuch einer Webseite im Speicher Ihres Browsers oder Ihres Ger\u00e4ts abgelegt und f\u00fcr die Dauer des Besuchs oder l\u00e4nger gespeichert werden k\u00f6nnen. Anhand dieser Cookies kann ein Server Sie nach dem Erstbesuch wiedererkennen.<\/p>\n<p>Ma\u00dfnahme Nr. 231 der italienischen Datenschutzbeh\u00f6rde vom 10. Juni 2021 gibt vor, dass technische Cookies keiner Zustimmung bed\u00fcrfen, da sie f\u00fcr den Betrieb der Website notwendig sind.<\/p>\n<p>F\u00fcr alle anderen Arten von Cookies und anderen passiven Identifikatoren k\u00f6nnen Sie jederzeit Ihre Zustimmung erteilen, widerrufen oder aktualisieren, indem Sie Ihre Einstellungen innerhalb des Banners gem\u00e4\u00df den unten beschriebenen Verfahren zur Aus\u00fcbung Ihrer Rechte vornehmen.<\/p>\n<p>&nbsp;<\/p>\n<h2><strong>M\u00d6GLICHKEITEN, DIE EINWILLIGUNG ZU COOKIES UND\/ODER PASSIVEN UNTECHNISCHEN IDENTIFIKATOREN AUSZUDR\u00dcCKEN, ZU WIDERRUFEN ODER ZU AKTUALISIEREN<\/strong><\/h2>\n<p>Beim ersten Besuch der Website kann der Nutzer der Verwendung von Cookies und\/oder anderen untechnischen passiven Identifikatoren zustimmen, indem er auf die Schaltfl\u00e4che &#8222;Akzeptieren&#8220; im Banner selbst klickt, oder die Zustimmung verweigern, indem er die Schaltfl\u00e4che &#8222;X&#8220; w\u00e4hlt.<\/p>\n<p>Alternativ dazu k\u00f6nnen Sie jederzeit einzelne Cookie-Kategorien ausw\u00e4hlen oder deaktivieren und Ihre Wahl durch Anklicken des entsprechenden Icons (Icon und Position angeben) oder unter \u201e<u>Einstellungen verwalten<\/u>\u201c best\u00e4tigen.<\/p>\n<p>Die Ablehnung der Verwendung von Cookies und \/ oder anderen passiven Identifikatoren hat keine Auswirkungen auf Ihren Zugriff auf die Website, mit der Ausnahme, dass Sie nicht auf die Funktionen oder Inhalte zugreifen k\u00f6nnen, bei denen solche Tracking-Tools zum Einsatz kommen.<\/p>\n<p>&nbsp;<\/p>\n<h2><strong>\u00dcBERMITTLUNG PERSONENBEZOGENER DATEN AN DRITTL\u00c4NDER ODER AN INTERNATIONALE ORGANISATIONEN<\/strong><\/h2>\n<p>Wir achten darauf, dass die Datenverarbeitung auf dem EU-Gebiet stattfindet. Wenn dies aus technisch-organisatorischen Gr\u00fcnden nicht m\u00f6glich ist, unterst\u00fctzen wir eine Vorabpr\u00fcfung des Vorliegens der gesetzlich vorgeschriebenen Zul\u00e4ssigkeitsbedingungen.<\/p>\n<p>&nbsp;<\/p>\n<h2><strong>AUTOMATISIERTE ENTSCHEIDUNGEN<\/strong><\/h2>\n<p>Der Verantwortliche verwendet keinerlei System zur automatisierten Entscheidungsfindung bez\u00fcglich Ihrer personenbezogenen Daten.<\/p>\n<p>&nbsp;<\/p>\n<h2><strong>RECHTE DER BETROFFENEN PERSON <\/strong><\/h2>\n<p>Sie haben jederzeit das Recht, vom Verantwortlichen Zugang zu Ihren Daten sowie deren Berichtigung oder L\u00f6schung zu verlangen. Sie erhalten innerhalb von 30 Tagen gegebenenfalls auch auf elektronischem Wege eine schriftliche R\u00fcckmeldung (sofern Sie nicht ausdr\u00fccklich eine m\u00fcndliche R\u00fcckmeldung w\u00fcnschen). Sie haben auch das Recht, die Einschr\u00e4nkung der Verarbeitung zu verlangen oder sie zu verweigern. Sie k\u00f6nnen au\u00dferdem die \u00dcbertragbarkeit Ihrer Daten an einen anderen Verantwortlichen beantragen. Sie k\u00f6nnen dar\u00fcber hinaus die auf dieser Website erteilten Einwilligungen jederzeit widerrufen. Um eine oder mehrere der erteilten Einwilligungen zu widerrufen, wenden Sie sich einfach an eine der oben genannten Adressen.<\/p>\n<p>Wenn Sie der Ansicht sind, dass Ihre Daten rechtswidrig verarbeitet wurden, haben Sie das Recht auf Beschwerde bei der Aufsichtsbeh\u00f6rde.<\/p>\n<p>&nbsp;<\/p>\n<table width=\"595\">\n<tbody>\n<tr>\n<td width=\"109\">COOKIE-NAME<\/td>\n<td width=\"325\">SERVICE<\/td>\n<td width=\"161\">DAUER<\/td>\n<\/tr>\n<tr>\n<td width=\"109\">cmplz_choice<\/td>\n<td width=\"325\">Complianz<\/td>\n<td width=\"161\">1 Jahre<\/td>\n<\/tr>\n<tr>\n<td width=\"109\">cmplz_policy_id<\/td>\n<td width=\"325\">Complianz<\/td>\n<td width=\"161\">1 Jahre<\/td>\n<\/tr>\n<tr>\n<td width=\"109\">cmplz_functional<\/td>\n<td width=\"325\">Complianz<\/td>\n<td width=\"161\">1 Jahre<\/td>\n<\/tr>\n<tr>\n<td width=\"109\">cmplz_statistics-anonymous<\/td>\n<td width=\"325\">Complianz<\/td>\n<td width=\"161\">1 Jahre<\/td>\n<\/tr>\n<tr>\n<td width=\"109\">et-editor-available-post-*<\/td>\n<td width=\"325\">Elegant Themes &#8211; DIVI<\/td>\n<td width=\"161\">Sitzung<\/td>\n<\/tr>\n<tr>\n<td width=\"109\">et-saved-post-*<\/td>\n<td width=\"325\">Elegant Themes &#8211; DIVI<\/td>\n<td width=\"161\">Sitzung<\/td>\n<\/tr>\n<tr>\n<td width=\"109\">wp-*<\/td>\n<td width=\"325\">WordPress<\/td>\n<td width=\"161\">Sitzung<\/td>\n<\/tr>\n<tr>\n<td width=\"109\">wp-api-schema-model*<\/td>\n<td width=\"325\">WordPress<\/td>\n<td width=\"161\">Sitzung<\/td>\n<\/tr>\n<tr>\n<td width=\"109\">wordpress_test_cookie<\/td>\n<td width=\"325\">WordPress<\/td>\n<td width=\"161\">Sitzung<\/td>\n<\/tr>\n<tr>\n<td width=\"109\">wordpress_logged_in_*<\/td>\n<td width=\"325\">WordPress<\/td>\n<td width=\"161\">Hartn\u00e4ckig<\/td>\n<\/tr>\n<tr>\n<td width=\"109\">wp-wpml_current_language<\/td>\n<td width=\"325\">WPML \u2013 Gestore lingue<\/td>\n<td width=\"161\">1 Tag<\/td>\n<\/tr>\n<tr>\n<td width=\"109\">wpSGCacheBypass<\/td>\n<td width=\"325\">SiteGround \u2013 Cache server<\/td>\n<td width=\"161\">Hartn\u00e4ckig<\/td>\n<\/tr>\n<\/tbody>\n<\/table>\n<p>&nbsp;<\/p>\n<p>&nbsp;<\/p>\n<p><span style=\"text-decoration: underline;\"><strong> Sie k\u00f6nnen die folgenden ANALYTISCHEN COOKIES VON DRITTANBIETERN auf Ihrem Ger\u00e4t empfangen<\/strong><\/span><\/p>\n<table width=\"642\" style=\"background-color: transparent;\">\n<tbody>\n<tr>\n<td width=\"130\">COOKIE-NAME<\/td>\n<td width=\"194\">SERVICE<\/td>\n<td width=\"83\">DAUER<\/td>\n<td width=\"235\">EMPF\u00c4NGER<\/td>\n<\/tr>\n<tr>\n<td width=\"130\">_ga<\/td>\n<td width=\"194\">von Google Analytics verwendet Seitenaufrufe z\u00e4hlen und verfolgen<\/td>\n<td width=\"83\">2 Jahre<\/td>\n<td width=\"235\">Google<\/td>\n<\/tr>\n<tr>\n<td width=\"130\">_gid<\/td>\n<td width=\"194\">von Google Analytics verwendet Seitenaufrufe z\u00e4hlen und verfolgen<\/td>\n<td width=\"83\">1 Jahre<\/td>\n<td width=\"235\">Google<\/td>\n<\/tr>\n<tr>\n<td width=\"130\">Google Maps API<\/td>\n<td width=\"194\">die IP-Adresse des Benutzers anfordern<\/td>\n<td width=\"83\">Keiner<\/td>\n<td width=\"235\">Google<\/td>\n<\/tr>\n<\/tbody>\n<\/table>\n<p>&nbsp;<\/p>\n<p><span style=\"text-decoration: underline;\"><strong>EMPF\u00c4NGER: WER KANN IHRE DATEN KENNEN<\/strong><\/span><\/p>\n<p>Die durch Cookies gesammelten Daten werden von den Mitarbeitern des Datenverantwortlichen, von den ordnungsgem\u00e4\u00df als Datenverarbeiter bezeichneten Webdesignern, die mit der Verwaltung der Website betraut sind, und mit der vorherigen Zustimmung der angegebenen Empf\u00e4nger verarbeitet. in den obigen Tabellen.<\/p>\n<p><span style=\"text-decoration: underline;\"><strong>SPEICHERDAUER\u00a0<\/strong><\/span><\/p>\n<p>Die durch Cookies gesammelten personenbezogenen Daten werden f\u00fcr den in den obigen Tabellen angegebenen Zeitraum verarbeitet.<\/p>\n<p><span style=\"text-decoration: underline;\"><strong>WIDERRUF DER ZUSTIMMUNG\u00a0<\/strong><\/span><\/p>\n<p>Von jeder Seite der Website aus k\u00f6nnen Sie auf den entsprechenden Bereich zugreifen, in dem Sie den Status der zuvor erteilten Einwilligungen einsehen und diese jederzeit \u00e4ndern k\u00f6nnen.<\/p>\n<p><span style=\"text-decoration: underline;\"><strong>SCHUTZ PERSONENBEZOGENER DATEN\u00a0<\/strong><\/span><\/p>\n<p>Je nach Art der Daten werden technische und organisatorische Sicherheitsma\u00dfnahmen getroffen, um deren Integrit\u00e4t und Vertraulichkeit zu gew\u00e4hrleisten und sie vor den Risiken des unerlaubten Eindringens, des Verlusts, der Ver\u00e4nderung oder der Weitergabe an nicht zur Verarbeitung berechtigte Dritte zu sch\u00fctzen.<\/p>\n<p><span style=\"text-decoration: underline;\"><strong>UPDATES <\/strong><\/span><\/p>\n<p>Der Datenverantwortliche aktualisiert diese Informationen, um \u00c4nderungen in der Konfiguration der Site zu dokumentieren, die sich in den personenbezogenen Daten des Benutzers deutlich widerspiegeln.<\/p>\n<p>&nbsp;<\/p>\n<p>[\/et_pb_text][et_pb_text _builder_version=&#8220;4.16&#8243; locked=&#8220;off&#8220; global_colors_info=&#8220;{}&#8220;][\/et_pb_text][et_pb_text _builder_version=&#8220;4.16&#8243; locked=&#8220;off&#8220; global_colors_info=&#8220;{}&#8220;][\/et_pb_text][\/et_pb_column][\/et_pb_row][\/et_pb_section]<\/p>\n","protected":false},"excerpt":{"rendered":"<p>COOKIE POLICY &nbsp; Die Informationen zur Verarbeitung der durch Cookies gesammelten personenbezogenen Daten des Benutzers werden in \u00dcbereinstimmung mit den geltenden Gesetzen zum Schutz personenbezogener Daten, der Datenschutz-Grundverordnung EU 2016\/679, DSGVO bereitgestellt. PERSONAL DATA CONTROLLER Mima S.r.l., mit Sitz in via Galileo Galilei, 10 G, 39100 Bozen, info@mima.it WAS SIND COOKIES \u00ae Textfolgen, die Websites [&hellip;]<\/p>\n","protected":false},"author":8,"featured_media":0,"parent":0,"menu_order":0,"comment_status":"closed","ping_status":"closed","template":"","meta":{"_et_pb_use_builder":"on","_et_pb_old_content":"<p>[et_pb_section fb_built=\"1\" _builder_version=\"4.5.3\" _module_preset=\"default\"][et_pb_row _builder_version=\"4.5.3\" _module_preset=\"default\"][et_pb_column _builder_version=\"4.5.3\" _module_preset=\"default\" type=\"4_4\"][et_pb_text _builder_version=\"4.5.3\" _module_preset=\"default\" hover_enabled=\"0\"]<\/p><h1>COOKIE POLICY<\/h1><p>\u00a0<\/p><p>L\u2019informativa relativa al trattamento dei dati personali dell\u2019utente raccolti tramite cookie \u00e8 resa in osservanza alla normativa vigente in materia di protezione dei dati personali, Regolamento generale sulla protezione dei dati UE 2016\/679, GDPR.<\/p><p><u>TITOLARE DEL TRATTAMENTO DEI DATI PERSONALI<\/u> \u00ae Mima S.r.l., con sede in via Galileo Galilei, 10 G, 39100 Bolzano, info@mima.it<\/p><p><u>COSA SONO I COOKIE<\/u> \u00ae stringhe di testo che i siti inviano al dispositivo dell\u2019utente dove vengono memorizzati dal browser che invia informazioni a chi ha installato i cookie al fine di garantire la navigazione, produrre statistiche o proporre contenuti personalizzati.<\/p><p><strong><u>TIPOLOGIA DI COOKIE<\/u><\/strong><\/p><p><u>di prima parte <\/u>\u00ae generati, gestiti ed inviati dal sito sul quale cui l\u2019utente naviga<\/p><p><u>di terze parti <\/u>\u00ae generati, gestiti ed inviati da soggetti diversi dal gestore del sito sul quale l\u2019utente sta navigando<\/p><p><u>tecnici <\/u>\u00ae necessari per il corretto funzionamento del sito. In mancanza, l\u2019utente potrebbe non visualizzare correttamente le pagine o utilizzare alcuni servizi. Per es., memorizzano l\u2019impostazione della lingua, mantengono l\u2019utente collegato durante tutta la visita.<\/p><p><u>di profilazione <\/u>\u00ae tracciano le preferenze per offrire servizi personalizzati. Non sono necessari per il corretto funzionamento del sito ma sono utilizzati per inviare offerte corrispondenti alle esigenze dell\u2019utente.<\/p><p><u>analitici anonimizzati<\/u> \u00ae raccolgono informazioni aggregate, non riconducibili al singolo, sul numero degli accessi e sulle pagine visitate per elaborare statistiche dirette ad apportare modifiche migliorative per il funzionamento del sito. Questi cookie sono anche di terze parti; in tal caso il Titolare li rende anonimi mediante anonimizzazione almeno della quarta componente dell\u2019indirizzo IP, evitando in tal modo che la terza parte possa incrociare informazioni raccolte attraverso il sito con altre gi\u00e0 a sua disposizione.<\/p><p><u>COOKIE CHE <strong>NON<\/strong> RICHIEDONO IL SUO CONSENSO<\/u><\/p><p>\u00ae tecnici<\/p><p>\u00ae analitici utilizzati direttamente dal Titolare per raccogliere informazioni aggregate sugli accessi e sulle pagine pi\u00f9 visitate<\/p><p><u>COOKIE CHE RICHIEDONO IL SUO CONSENSO <\/u><\/p><p>\u00ae di profilazione<\/p><p>\u00ae analitici installati da terze parti per incrociare informazioni raccolte attraverso il sito con altre gi\u00e0 a sua disposizione<\/p><p><strong><u>Sul suo dispositivo pu\u00f2 ricevere i seguenti COOKIE TECNICI<\/u><\/strong><\/p><table width=\"595\"><tbody><tr><td width=\"109\"><p>NOME COOKIE<\/p><\/td><td width=\"325\"><p>SERVIZIO<\/p><\/td><td width=\"161\"><p>DURATA<\/p><\/td><\/tr><tr><td width=\"109\"><p>cmplz_choice<\/p><\/td><td width=\"325\"><p>Complianz<\/p><\/td><td width=\"161\"><p>1 anno<\/p><\/td><\/tr><tr><td width=\"109\"><p>cmplz_policy_id<\/p><\/td><td width=\"325\"><p>Complianz<\/p><\/td><td width=\"161\"><p>1 anno<\/p><\/td><\/tr><tr><td width=\"109\"><p>cmplz_functional<\/p><\/td><td width=\"325\"><p>Complianz<\/p><\/td><td width=\"161\"><p>1 anno<\/p><\/td><\/tr><tr><td width=\"109\"><p>cmplz_statistics-anonymous<\/p><\/td><td width=\"325\"><p>Complianz<\/p><\/td><td width=\"161\"><p>1 anno<\/p><\/td><\/tr><tr><td width=\"109\"><p>et-editor-available-post-*<\/p><\/td><td width=\"325\"><p>Elegant Themes - DIVI<\/p><\/td><td width=\"161\"><p>Sessione<\/p><\/td><\/tr><tr><td width=\"109\"><p>et-saved-post-*<\/p><\/td><td width=\"325\"><p>Elegant Themes - DIVI<\/p><\/td><td width=\"161\"><p>Sessione<\/p><\/td><\/tr><tr><td width=\"109\"><p>wp-*<\/p><\/td><td width=\"325\"><p>WordPress<\/p><\/td><td width=\"161\"><p>Sessione<\/p><\/td><\/tr><tr><td width=\"109\"><p>wp-api-schema-model*<\/p><\/td><td width=\"325\"><p>WordPress<\/p><\/td><td width=\"161\"><p>Sessione<\/p><\/td><\/tr><tr><td width=\"109\"><p>wordpress_test_cookie<\/p><\/td><td width=\"325\"><p>WordPress<\/p><\/td><td width=\"161\"><p>Sessione<\/p><\/td><\/tr><tr><td width=\"109\"><p>wordpress_logged_in_*<\/p><\/td><td width=\"325\"><p>Wordpress<\/p><\/td><td width=\"161\"><p>Persistente<\/p><\/td><\/tr><tr><td width=\"109\"><p>wp-wpml_current_language<\/p><\/td><td width=\"325\"><p>WPML \u2013 Gestore lingue<\/p><\/td><td width=\"161\"><p>1 giorno<\/p><\/td><\/tr><tr><td width=\"109\"><p>wpSGCacheBypass<\/p><\/td><td width=\"325\"><p>SiteGround \u2013 Cache server<\/p><\/td><td width=\"161\"><p>Persistente<\/p><\/td><\/tr><\/tbody><\/table><p>\u00a0<\/p><p><strong><u>\u00a0<\/u><u>Sul suo dispositivo pu\u00f2 ricevere i seguenti COOKIE ANALITICI DI TERZA PARTE<\/u><\/strong><\/p><table width=\"642\"><tbody><tr><td width=\"130\"><p>NOME COOKIE<\/p><\/td><td width=\"194\"><p>DESCRIZIONE<\/p><\/td><td width=\"83\"><p>DURATA<\/p><\/td><td width=\"235\"><p>DESTINATARI<\/p><\/td><\/tr><tr><td width=\"130\"><p>_ga<\/p><\/td><td width=\"194\"><p>utilizzato da Google Analytics<\/p><p>conta e traccia le visualizzazioni delle pagine<\/p><\/td><td width=\"83\"><p>2 anni<\/p><\/td><td width=\"235\"><p>Google<\/p><\/td><\/tr><tr><td width=\"130\"><p>_gid<\/p><\/td><td width=\"194\"><p>utilizzato da Google Analytics<\/p><p>conta e traccia le visualizzazioni delle pagine<\/p><\/td><td width=\"83\"><p>1 giorno<\/p><\/td><td width=\"235\"><p>Google<\/p><\/td><\/tr><tr><td width=\"130\"><p>Google Maps API<\/p><\/td><td width=\"194\"><p>richiedere l'indirizzo IP dell'utente<\/p><\/td><td width=\"83\"><p>nessuna<\/p><\/td><td width=\"235\"><p>Google<\/p><\/td><\/tr><\/tbody><\/table><p>\u00a0<\/p><p><u>DESTINATARI: CHI PUO\u2019 CONOSCERE I SUOI DATI <\/u>\u00ae I dati raccolti mediante i cookie sono trattati dai collaboratori del Titolare, dal web designer debitamente designato quale Responsabili del trattamento, a cui \u00e8 affidata la gestione del sito, e previo suo consenso dai destinatari indicati nelle suindicate tabelle.<\/p><p><u>PERIODO DI CONSERVAZIONE <\/u>\u00ae I dati personali raccolti tramite cookie sono trattati \u00a0\u00a0\u00a0per il periodo di tempo indicato nelle tabelle di cui sopra.<\/p><p><u>REVOCA CONSENSI <\/u>\u00ae Da ogni pagina del sito pu\u00f2 accedere all\u2019area dedicata in cui visionare lo stato dei consensi resi in precedenza potendoli modificare in ogni momento.<\/p><p><u>PROTEZIONE DEI DATI PERSONALI<\/u> \u00ae Sono adottate misure di sicurezza tecniche e organizzative adeguate alla natura dei dati per assicurarne l\u2019integrit\u00e0 e la riservatezza e proteggerli contro i rischi di intrusione illecita, perdita, alterazione, o divulgazione a terzi non autorizzati a trattarli.<\/p><p><u>AGGIORNAMENTI <\/u>\u00ae Il Titolare provveder\u00e0 ad aggiornare la presente informativa per documentare variazioni di configurazione del sito che si riflettono in maniera significativa sui dati personali dell\u2019utente.<\/p><p>[\/et_pb_text][\/et_pb_column][\/et_pb_row][\/et_pb_section]<\/p>","_et_gb_content_width":"","footnotes":""},"class_list":["post-4801","page","type-page","status-publish","hentry"],"yoast_head":"<!-- This site is optimized with the Yoast SEO plugin v26.8 - https:\/\/yoast.com\/product\/yoast-seo-wordpress\/ -->\n<title>Cookie Policy - Mima Srl<\/title>\n<meta name=\"robots\" content=\"index, follow, max-snippet:-1, max-image-preview:large, max-video-preview:-1\" \/>\n<link rel=\"canonical\" href=\"https:\/\/www.mima.it\/de\/cookie-policy\/\" \/>\n<meta property=\"og:locale\" content=\"de_DE\" \/>\n<meta property=\"og:type\" content=\"article\" \/>\n<meta property=\"og:title\" content=\"Cookie Policy - Mima Srl\" \/>\n<meta property=\"og:description\" content=\"COOKIE POLICY &nbsp; Die Informationen zur Verarbeitung der durch Cookies gesammelten personenbezogenen Daten des Benutzers werden in \u00dcbereinstimmung mit den geltenden Gesetzen zum Schutz personenbezogener Daten, der Datenschutz-Grundverordnung EU 2016\/679, DSGVO bereitgestellt. PERSONAL DATA CONTROLLER Mima S.r.l., mit Sitz in via Galileo Galilei, 10 G, 39100 Bozen, info@mima.it WAS SIND COOKIES \u00ae Textfolgen, die Websites [&hellip;]\" \/>\n<meta property=\"og:url\" content=\"https:\/\/www.mima.it\/de\/cookie-policy\/\" \/>\n<meta property=\"og:site_name\" content=\"Mima Srl\" \/>\n<meta property=\"article:modified_time\" content=\"2024-07-31T11:31:59+00:00\" \/>\n<meta name=\"twitter:card\" content=\"summary_large_image\" \/>\n<meta name=\"twitter:label1\" content=\"Gesch\u00e4tzte Lesezeit\" \/>\n\t<meta name=\"twitter:data1\" content=\"5\u00a0Minuten\" \/>\n<script type=\"application\/ld+json\" class=\"yoast-schema-graph\">{\"@context\":\"https:\/\/schema.org\",\"@graph\":[{\"@type\":\"WebPage\",\"@id\":\"https:\/\/www.mima.it\/de\/cookie-policy\/\",\"url\":\"https:\/\/www.mima.it\/de\/cookie-policy\/\",\"name\":\"Cookie Policy - Mima Srl\",\"isPartOf\":{\"@id\":\"https:\/\/www.mima.it\/#website\"},\"datePublished\":\"2021-12-07T08:25:15+00:00\",\"dateModified\":\"2024-07-31T11:31:59+00:00\",\"breadcrumb\":{\"@id\":\"https:\/\/www.mima.it\/de\/cookie-policy\/#breadcrumb\"},\"inLanguage\":\"de\",\"potentialAction\":[{\"@type\":\"ReadAction\",\"target\":[\"https:\/\/www.mima.it\/de\/cookie-policy\/\"]}]},{\"@type\":\"BreadcrumbList\",\"@id\":\"https:\/\/www.mima.it\/de\/cookie-policy\/#breadcrumb\",\"itemListElement\":[{\"@type\":\"ListItem\",\"position\":1,\"name\":\"Home\",\"item\":\"https:\/\/www.mima.it\/de\/\"},{\"@type\":\"ListItem\",\"position\":2,\"name\":\"Cookie Policy\"}]},{\"@type\":\"WebSite\",\"@id\":\"https:\/\/www.mima.it\/#website\",\"url\":\"https:\/\/www.mima.it\/\",\"name\":\"Mima Srl\",\"description\":\"Da 25 anni al fianco dei professionisti\",\"potentialAction\":[{\"@type\":\"SearchAction\",\"target\":{\"@type\":\"EntryPoint\",\"urlTemplate\":\"https:\/\/www.mima.it\/?s={search_term_string}\"},\"query-input\":{\"@type\":\"PropertyValueSpecification\",\"valueRequired\":true,\"valueName\":\"search_term_string\"}}],\"inLanguage\":\"de\"}]}<\/script>\n<!-- \/ Yoast SEO plugin. -->","yoast_head_json":{"title":"Cookie Policy - Mima Srl","robots":{"index":"index","follow":"follow","max-snippet":"max-snippet:-1","max-image-preview":"max-image-preview:large","max-video-preview":"max-video-preview:-1"},"canonical":"https:\/\/www.mima.it\/de\/cookie-policy\/","og_locale":"de_DE","og_type":"article","og_title":"Cookie Policy - Mima Srl","og_description":"COOKIE POLICY &nbsp; Die Informationen zur Verarbeitung der durch Cookies gesammelten personenbezogenen Daten des Benutzers werden in \u00dcbereinstimmung mit den geltenden Gesetzen zum Schutz personenbezogener Daten, der Datenschutz-Grundverordnung EU 2016\/679, DSGVO bereitgestellt. PERSONAL DATA CONTROLLER Mima S.r.l., mit Sitz in via Galileo Galilei, 10 G, 39100 Bozen, info@mima.it WAS SIND COOKIES \u00ae Textfolgen, die Websites [&hellip;]","og_url":"https:\/\/www.mima.it\/de\/cookie-policy\/","og_site_name":"Mima Srl","article_modified_time":"2024-07-31T11:31:59+00:00","twitter_card":"summary_large_image","twitter_misc":{"Gesch\u00e4tzte Lesezeit":"5\u00a0Minuten"},"schema":{"@context":"https:\/\/schema.org","@graph":[{"@type":"WebPage","@id":"https:\/\/www.mima.it\/de\/cookie-policy\/","url":"https:\/\/www.mima.it\/de\/cookie-policy\/","name":"Cookie Policy - Mima Srl","isPartOf":{"@id":"https:\/\/www.mima.it\/#website"},"datePublished":"2021-12-07T08:25:15+00:00","dateModified":"2024-07-31T11:31:59+00:00","breadcrumb":{"@id":"https:\/\/www.mima.it\/de\/cookie-policy\/#breadcrumb"},"inLanguage":"de","potentialAction":[{"@type":"ReadAction","target":["https:\/\/www.mima.it\/de\/cookie-policy\/"]}]},{"@type":"BreadcrumbList","@id":"https:\/\/www.mima.it\/de\/cookie-policy\/#breadcrumb","itemListElement":[{"@type":"ListItem","position":1,"name":"Home","item":"https:\/\/www.mima.it\/de\/"},{"@type":"ListItem","position":2,"name":"Cookie Policy"}]},{"@type":"WebSite","@id":"https:\/\/www.mima.it\/#website","url":"https:\/\/www.mima.it\/","name":"Mima Srl","description":"Da 25 anni al fianco dei professionisti","potentialAction":[{"@type":"SearchAction","target":{"@type":"EntryPoint","urlTemplate":"https:\/\/www.mima.it\/?s={search_term_string}"},"query-input":{"@type":"PropertyValueSpecification","valueRequired":true,"valueName":"search_term_string"}}],"inLanguage":"de"}]}},"_links":{"self":[{"href":"https:\/\/www.mima.it\/de\/wp-json\/wp\/v2\/pages\/4801","targetHints":{"allow":["GET"]}}],"collection":[{"href":"https:\/\/www.mima.it\/de\/wp-json\/wp\/v2\/pages"}],"about":[{"href":"https:\/\/www.mima.it\/de\/wp-json\/wp\/v2\/types\/page"}],"author":[{"embeddable":true,"href":"https:\/\/www.mima.it\/de\/wp-json\/wp\/v2\/users\/8"}],"replies":[{"embeddable":true,"href":"https:\/\/www.mima.it\/de\/wp-json\/wp\/v2\/comments?post=4801"}],"version-history":[{"count":8,"href":"https:\/\/www.mima.it\/de\/wp-json\/wp\/v2\/pages\/4801\/revisions"}],"predecessor-version":[{"id":7989,"href":"https:\/\/www.mima.it\/de\/wp-json\/wp\/v2\/pages\/4801\/revisions\/7989"}],"wp:attachment":[{"href":"https:\/\/www.mima.it\/de\/wp-json\/wp\/v2\/media?parent=4801"}],"curies":[{"name":"wp","href":"https:\/\/api.w.org\/{rel}","templated":true}]}}