{"id":5367,"date":"2022-03-18T15:08:58","date_gmt":"2022-03-18T14:08:58","guid":{"rendered":"https:\/\/www.mima.it\/?page_id=5367"},"modified":"2024-02-01T11:39:57","modified_gmt":"2024-02-01T10:39:57","slug":"posby","status":"publish","type":"page","link":"https:\/\/www.mima.it\/de\/posby\/","title":{"rendered":"Posby"},"content":{"rendered":"<p>[et_pb_section fb_built=&#8220;1&#8243; fullwidth=&#8220;on&#8220; _builder_version=&#8220;4.5.3&#8243; background_enable_image=&#8220;off&#8220; custom_padding=&#8220;0px|0px|0px|0px&#8220; custom_css_main_element=&#8220;border-top: 10px;||border-color: #C80421;&#8220; locked=&#8220;off&#8220;][et_pb_fullwidth_slider disabled_on=&#8220;on|off|off&#8220; admin_label=&#8220;Slider a Larghezza Piena&#8220; module_class=&#8220;et_fullscreen_slider&#8220; _builder_version=&#8220;4.5.3&#8243; header_font=&#8220;Montserrat||||&#8220; header_text_color=&#8220;#000000&#8243; body_font=&#8220;Montserrat||||&#8220; body_text_color=&#8220;#000000&#8243; background_enable_image=&#8220;off&#8220; custom_button=&#8220;on&#8220; button_text_size=&#8220;15px&#8220; button_font=&#8220;Montserrat||||&#8220; custom_padding=&#8220;200px||200px|&#8220; custom_padding_tablet=&#8220;|||&#8220; custom_padding_phone=&#8220;|||&#8220; top_padding=&#8220;200px&#8220; bottom_padding=&#8220;200px&#8220; remove_inner_shadow=&#8220;on&#8220; show_inner_shadow=&#8220;off&#8220; button_text_size__hover_enabled=&#8220;off&#8220; button_one_text_size__hover_enabled=&#8220;off&#8220; button_two_text_size__hover_enabled=&#8220;off&#8220; button_text_color__hover_enabled=&#8220;off&#8220; button_one_text_color__hover_enabled=&#8220;off&#8220; button_two_text_color__hover_enabled=&#8220;off&#8220; button_border_width__hover_enabled=&#8220;off&#8220; button_one_border_width__hover_enabled=&#8220;off&#8220; button_two_border_width__hover_enabled=&#8220;off&#8220; button_border_color__hover_enabled=&#8220;off&#8220; button_one_border_color__hover_enabled=&#8220;off&#8220; button_two_border_color__hover_enabled=&#8220;off&#8220; button_border_radius__hover_enabled=&#8220;off&#8220; button_one_border_radius__hover_enabled=&#8220;off&#8220; button_two_border_radius__hover_enabled=&#8220;off&#8220; button_letter_spacing__hover_enabled=&#8220;off&#8220; button_one_letter_spacing__hover_enabled=&#8220;off&#8220; button_two_letter_spacing__hover_enabled=&#8220;off&#8220; button_bg_color__hover_enabled=&#8220;off&#8220; button_one_bg_color__hover_enabled=&#8220;off&#8220; button_two_bg_color__hover_enabled=&#8220;off&#8220;][et_pb_slide heading=&#8220;POSBY&#8220; use_bg_overlay=&#8220;off&#8220; use_text_overlay=&#8220;off&#8220; _builder_version=&#8220;4.5.3&#8243; background_color=&#8220;#ffffff&#8220; background_image=&#8220;http:\/\/mima.it\/wp-content\/uploads\/2022\/03\/Systec-Mima-sito-posby.jpg&#8220; background_enable_image=&#8220;on&#8220; background_layout=&#8220;light&#8220; header_font_size_tablet=&#8220;&#8220; header_font_size_phone=&#8220;&#8220; header_font_size_last_edited=&#8220;on|desktop&#8220; button_text_size__hover_enabled=&#8220;off&#8220; button_one_text_size__hover_enabled=&#8220;off&#8220; button_two_text_size__hover_enabled=&#8220;off&#8220; button_text_color__hover_enabled=&#8220;off&#8220; button_one_text_color__hover_enabled=&#8220;off&#8220; button_two_text_color__hover_enabled=&#8220;off&#8220; button_border_width__hover_enabled=&#8220;off&#8220; button_one_border_width__hover_enabled=&#8220;off&#8220; button_two_border_width__hover_enabled=&#8220;off&#8220; button_border_color__hover_enabled=&#8220;off&#8220; button_one_border_color__hover_enabled=&#8220;off&#8220; button_two_border_color__hover_enabled=&#8220;off&#8220; button_border_radius__hover_enabled=&#8220;off&#8220; button_one_border_radius__hover_enabled=&#8220;off&#8220; button_two_border_radius__hover_enabled=&#8220;off&#8220; button_letter_spacing__hover_enabled=&#8220;off&#8220; button_one_letter_spacing__hover_enabled=&#8220;off&#8220; button_two_letter_spacing__hover_enabled=&#8220;off&#8220; button_bg_color__hover_enabled=&#8220;off&#8220; button_one_bg_color__hover_enabled=&#8220;off&#8220; button_two_bg_color__hover_enabled=&#8220;off&#8220;][\/et_pb_slide][\/et_pb_fullwidth_slider][\/et_pb_section][et_pb_section fb_built=&#8220;1&#8243; _builder_version=&#8220;4.5.3&#8243; background_color=&#8220;#9D071D&#8220; custom_padding=&#8220;0px||0px|&#8220; locked=&#8220;off&#8220;][et_pb_row column_structure=&#8220;1_3,2_3&#8243; _builder_version=&#8220;4.5.3&#8243; custom_margin=&#8220;0px||0px|&#8220; custom_padding=&#8220;10px||10px|&#8220; custom_css_main_element=&#8220;padding-bottom: 0.75em;&#8220;][et_pb_column type=&#8220;1_3&#8243; _builder_version=&#8220;3.25&#8243; custom_padding=&#8220;0px||0px|&#8220; custom_padding__hover=&#8220;|||&#8220;][et_pb_text _builder_version=&#8220;4.5.3&#8243; text_font=&#8220;Montserrat|on|||&#8220; text_font_size=&#8220;18px&#8220; background_layout=&#8220;dark&#8220; custom_margin=&#8220;0px||0px|&#8220; custom_padding=&#8220;0px||0px|&#8220;]<\/p>\n<p class=\"p1\">POSBY<\/p>\n<p>[\/et_pb_text][\/et_pb_column][et_pb_column type=&#8220;2_3&#8243; _builder_version=&#8220;3.25&#8243; custom_padding=&#8220;0px||0px|&#8220; custom_padding__hover=&#8220;|||&#8220;][\/et_pb_column][\/et_pb_row][\/et_pb_section][et_pb_section fb_built=&#8220;1&#8243; admin_label=&#8220;section&#8220; _builder_version=&#8220;4.5.3&#8243; locked=&#8220;off&#8220;][et_pb_row admin_label=&#8220;row&#8220; _builder_version=&#8220;4.5.3&#8243; background_size=&#8220;initial&#8220; background_position=&#8220;top_left&#8220; background_repeat=&#8220;repeat&#8220; hover_enabled=&#8220;0&#8243; column_structure=&#8220;1_2,1_2&#8243; make_equal=&#8220;on&#8220;][et_pb_column type=&#8220;1_2&#8243; _builder_version=&#8220;4.5.3&#8243; custom_padding=&#8220;|||&#8220; hover_enabled=&#8220;0&#8243; custom_padding__hover=&#8220;|||&#8220; custom_css_main_element=&#8220;margin: auto;&#8220;][et_pb_text admin_label=&#8220;Text&#8220; _builder_version=&#8220;4.5.3&#8243; text_text_color=&#8220;#838383&#8243; header_text_color=&#8220;#838383&#8243; background_size=&#8220;initial&#8220; background_position=&#8220;top_left&#8220; background_repeat=&#8220;repeat&#8220;]<\/p>\n<h3 class=\"p1\">Hohe Leistung und maximale Personalisierung<\/h3>\n<p class=\"p3\">Eine neue L\u00f6sung von Zucchetti f\u00fcr gehobenes Catering: PosBy ist die <b>komplette Management-Software,<\/b> perfekt f\u00fcr all jene R\u00e4umlichkeiten und Strukturen, die ein <b>hohes Ma\u00df an Personalisierung <\/b>erfordern.<\/p>\n<p class=\"p3\">Auch mit<b> speziellen<\/b> Zusatzmodulen f\u00fcr <b>Tabakl\u00e4den<\/b>, <b>elektronische Zahlungen<\/b>, <b>elektronische Rechnungsstellung und vieles mehr<\/b> erh\u00e4ltlich. Mit PosBy ist es m\u00f6glich, auf jedem einzelnen Verkaufsbildschirm einzugreifen, um es an jeden Bedarf und jeden Komplexit\u00e4tsgrad anzupassen und pr\u00e4zise und p\u00fcnktlich auf jede Anfrage zu reagieren, f\u00fcr <b>eine optimale und optimierte Verwaltung auch von mobilen<\/b> <b>Ger\u00e4ten<\/b> aus und ein \u00fcberlegenes Kundenerlebnis.<span class=\"Apple-converted-space\">\u00a0<\/span><\/p>\n<p class=\"p3\"><b>Einfach zu installieren und zu bedienen<\/b>, ist es eine<b> hybride<\/b> L\u00f6sung, die die Vorteile des <b>Front-Ends mit Client-Server-Technologie<\/b> f\u00fcr Kassenoperationen mit einem <b>Cloud-Back-End<\/b> kombiniert, das in Echtzeit aktualisiert wird.<span class=\"Apple-converted-space\">\u00a0<\/span><\/p>\n<p class=\"p3\">Diese einzigartige Kombination macht die Verwaltung des <b>internen Workflows der T\u00e4tigkeit schnell und sofort<\/b>: Vom Lager bis zum Verkauf, ohne den heiklen Moment der \u00dcbernahme der Bestellung und der Statistik- und Berichtsfunktionen zu vernachl\u00e4ssigen, <b>ist PosBy ein agiles Tool, das den gesamten Prozess<\/b> vereinfacht und zu einer effektiven Zeit- und Kostenersparnis f\u00fchrt.<\/p>\n<p>[\/et_pb_text][\/et_pb_column][et_pb_column type=&#8220;1_2&#8243; _builder_version=&#8220;4.5.3&#8243; custom_padding=&#8220;|||&#8220; hover_enabled=&#8220;0&#8243; custom_padding__hover=&#8220;|||&#8220; custom_css_main_element=&#8220;margin: auto;&#8220;][et_pb_image src=&#8220;http:\/\/mima.it\/wp-content\/uploads\/2024\/02\/posby.webp&#8220; _builder_version=&#8220;4.5.3&#8243; _module_preset=&#8220;default&#8220; title_text=&#8220;posby&#8220; hover_enabled=&#8220;0&#8243;][\/et_pb_image][\/et_pb_column][\/et_pb_row][\/et_pb_section][et_pb_section fb_built=&#8220;1&#8243; _builder_version=&#8220;3.22&#8243; custom_padding=&#8220;54px|0px|25px|0px&#8220; locked=&#8220;off&#8220;][et_pb_row _builder_version=&#8220;4.5.3&#8243;][et_pb_column type=&#8220;4_4&#8243; _builder_version=&#8220;3.25&#8243; custom_padding=&#8220;|||&#8220; custom_padding__hover=&#8220;|||&#8220;][\/et_pb_column][\/et_pb_row][\/et_pb_section][et_pb_section fb_built=&#8220;1&#8243; _builder_version=&#8220;3.22&#8243; custom_padding=&#8220;27px|0px|54px|0px&#8220; saved_tabs=&#8220;all&#8220; locked=&#8220;off&#8220;][et_pb_row _builder_version=&#8220;3.25&#8243;][et_pb_column type=&#8220;4_4&#8243; _builder_version=&#8220;3.25&#8243; custom_padding=&#8220;|||&#8220; custom_padding__hover=&#8220;|||&#8220;][et_pb_contact_form email=&#8220;info@mima.it&#8220; title=&#8220;Richiesta informazioni&#8220; custom_message=&#8220;Nome: %%Name%%||et_pb_line_break_holder||Email: %%Email%%||et_pb_line_break_holder||Azienda: %%Azienda%%||et_pb_line_break_holder||Telefono: %%Telefono%%||et_pb_line_break_holder||Privacy: %%Privacy%%||et_pb_line_break_holder||||et_pb_line_break_holder||Messaggio:||et_pb_line_break_holder||%%Message%%&#8220; admin_label=&#8220;Modulo di Contatto&#8220; module_id=&#8220;et_pb_contact_form_0&#8243; _builder_version=&#8220;4.5.3&#8243; locked=&#8220;off&#8220;][et_pb_contact_field field_id=&#8220;Name&#8220; field_title=&#8220;Nome&#8220; _builder_version=&#8220;4.5.3&#8243; button_text_size__hover_enabled=&#8220;off&#8220; button_one_text_size__hover_enabled=&#8220;off&#8220; button_two_text_size__hover_enabled=&#8220;off&#8220; button_text_color__hover_enabled=&#8220;off&#8220; button_one_text_color__hover_enabled=&#8220;off&#8220; button_two_text_color__hover_enabled=&#8220;off&#8220; button_border_width__hover_enabled=&#8220;off&#8220; button_one_border_width__hover_enabled=&#8220;off&#8220; button_two_border_width__hover_enabled=&#8220;off&#8220; button_border_color__hover_enabled=&#8220;off&#8220; button_one_border_color__hover_enabled=&#8220;off&#8220; button_two_border_color__hover_enabled=&#8220;off&#8220; button_border_radius__hover_enabled=&#8220;off&#8220; button_one_border_radius__hover_enabled=&#8220;off&#8220; button_two_border_radius__hover_enabled=&#8220;off&#8220; button_letter_spacing__hover_enabled=&#8220;off&#8220; button_one_letter_spacing__hover_enabled=&#8220;off&#8220; button_two_letter_spacing__hover_enabled=&#8220;off&#8220; button_bg_color__hover_enabled=&#8220;off&#8220; button_one_bg_color__hover_enabled=&#8220;off&#8220; button_two_bg_color__hover_enabled=&#8220;off&#8220;][\/et_pb_contact_field][et_pb_contact_field field_id=&#8220;Azienda&#8220; field_title=&#8220;Azienda&#8220; _builder_version=&#8220;4.5.3&#8243; button_text_size__hover_enabled=&#8220;off&#8220; button_one_text_size__hover_enabled=&#8220;off&#8220; button_two_text_size__hover_enabled=&#8220;off&#8220; button_text_color__hover_enabled=&#8220;off&#8220; button_one_text_color__hover_enabled=&#8220;off&#8220; button_two_text_color__hover_enabled=&#8220;off&#8220; button_border_width__hover_enabled=&#8220;off&#8220; button_one_border_width__hover_enabled=&#8220;off&#8220; button_two_border_width__hover_enabled=&#8220;off&#8220; button_border_color__hover_enabled=&#8220;off&#8220; button_one_border_color__hover_enabled=&#8220;off&#8220; button_two_border_color__hover_enabled=&#8220;off&#8220; button_border_radius__hover_enabled=&#8220;off&#8220; button_one_border_radius__hover_enabled=&#8220;off&#8220; button_two_border_radius__hover_enabled=&#8220;off&#8220; button_letter_spacing__hover_enabled=&#8220;off&#8220; button_one_letter_spacing__hover_enabled=&#8220;off&#8220; button_two_letter_spacing__hover_enabled=&#8220;off&#8220; button_bg_color__hover_enabled=&#8220;off&#8220; button_one_bg_color__hover_enabled=&#8220;off&#8220; button_two_bg_color__hover_enabled=&#8220;off&#8220;][\/et_pb_contact_field][et_pb_contact_field field_id=&#8220;Telefono&#8220; field_title=&#8220;Telefono&#8220; _builder_version=&#8220;4.5.3&#8243; button_text_size__hover_enabled=&#8220;off&#8220; button_one_text_size__hover_enabled=&#8220;off&#8220; button_two_text_size__hover_enabled=&#8220;off&#8220; button_text_color__hover_enabled=&#8220;off&#8220; button_one_text_color__hover_enabled=&#8220;off&#8220; button_two_text_color__hover_enabled=&#8220;off&#8220; button_border_width__hover_enabled=&#8220;off&#8220; button_one_border_width__hover_enabled=&#8220;off&#8220; button_two_border_width__hover_enabled=&#8220;off&#8220; button_border_color__hover_enabled=&#8220;off&#8220; button_one_border_color__hover_enabled=&#8220;off&#8220; button_two_border_color__hover_enabled=&#8220;off&#8220; button_border_radius__hover_enabled=&#8220;off&#8220; button_one_border_radius__hover_enabled=&#8220;off&#8220; button_two_border_radius__hover_enabled=&#8220;off&#8220; button_letter_spacing__hover_enabled=&#8220;off&#8220; button_one_letter_spacing__hover_enabled=&#8220;off&#8220; button_two_letter_spacing__hover_enabled=&#8220;off&#8220; button_bg_color__hover_enabled=&#8220;off&#8220; button_one_bg_color__hover_enabled=&#8220;off&#8220; button_two_bg_color__hover_enabled=&#8220;off&#8220;][\/et_pb_contact_field][et_pb_contact_field field_id=&#8220;Email&#8220; field_title=&#8220;Indirizzo e-mail&#8220; field_type=&#8220;email&#8220; _builder_version=&#8220;3.16&#8243; button_text_size__hover_enabled=&#8220;off&#8220; button_one_text_size__hover_enabled=&#8220;off&#8220; button_two_text_size__hover_enabled=&#8220;off&#8220; button_text_color__hover_enabled=&#8220;off&#8220; button_one_text_color__hover_enabled=&#8220;off&#8220; button_two_text_color__hover_enabled=&#8220;off&#8220; button_border_width__hover_enabled=&#8220;off&#8220; button_one_border_width__hover_enabled=&#8220;off&#8220; button_two_border_width__hover_enabled=&#8220;off&#8220; button_border_color__hover_enabled=&#8220;off&#8220; button_one_border_color__hover_enabled=&#8220;off&#8220; button_two_border_color__hover_enabled=&#8220;off&#8220; button_border_radius__hover_enabled=&#8220;off&#8220; button_one_border_radius__hover_enabled=&#8220;off&#8220; button_two_border_radius__hover_enabled=&#8220;off&#8220; button_letter_spacing__hover_enabled=&#8220;off&#8220; button_one_letter_spacing__hover_enabled=&#8220;off&#8220; button_two_letter_spacing__hover_enabled=&#8220;off&#8220; button_bg_color__hover_enabled=&#8220;off&#8220; button_one_bg_color__hover_enabled=&#8220;off&#8220; button_two_bg_color__hover_enabled=&#8220;off&#8220;][\/et_pb_contact_field][et_pb_contact_field field_id=&#8220;Message&#8220; field_title=&#8220;Messaggio&#8220; field_type=&#8220;text&#8220; fullwidth_field=&#8220;on&#8220; _builder_version=&#8220;4.5.3&#8243; button_text_size__hover_enabled=&#8220;off&#8220; button_one_text_size__hover_enabled=&#8220;off&#8220; button_two_text_size__hover_enabled=&#8220;off&#8220; button_text_color__hover_enabled=&#8220;off&#8220; button_one_text_color__hover_enabled=&#8220;off&#8220; button_two_text_color__hover_enabled=&#8220;off&#8220; button_border_width__hover_enabled=&#8220;off&#8220; button_one_border_width__hover_enabled=&#8220;off&#8220; button_two_border_width__hover_enabled=&#8220;off&#8220; button_border_color__hover_enabled=&#8220;off&#8220; button_one_border_color__hover_enabled=&#8220;off&#8220; button_two_border_color__hover_enabled=&#8220;off&#8220; button_border_radius__hover_enabled=&#8220;off&#8220; button_one_border_radius__hover_enabled=&#8220;off&#8220; button_two_border_radius__hover_enabled=&#8220;off&#8220; button_letter_spacing__hover_enabled=&#8220;off&#8220; button_one_letter_spacing__hover_enabled=&#8220;off&#8220; button_two_letter_spacing__hover_enabled=&#8220;off&#8220; button_bg_color__hover_enabled=&#8220;off&#8220; button_one_bg_color__hover_enabled=&#8220;off&#8220; button_two_bg_color__hover_enabled=&#8220;off&#8220;][\/et_pb_contact_field][et_pb_contact_field field_id=&#8220;Privacy&#8220; field_title=&#8220; &#8220; field_type=&#8220;checkbox&#8220; checkbox_options=&#8220;%91{%22value%22:%22 *Accetto e sottoscrivo la privacy policy del sito. Leggi la Privacy Policy%22,%22checked%22:0,%22dragID%22:-1,%22link_url%22:%22\/privacy-policy%22}%93&#8243; fullwidth_field=&#8220;on&#8220; _builder_version=&#8220;4.5.3&#8243; button_text_size__hover_enabled=&#8220;off&#8220; button_one_text_size__hover_enabled=&#8220;off&#8220; button_two_text_size__hover_enabled=&#8220;off&#8220; button_text_color__hover_enabled=&#8220;off&#8220; button_one_text_color__hover_enabled=&#8220;off&#8220; button_two_text_color__hover_enabled=&#8220;off&#8220; button_border_width__hover_enabled=&#8220;off&#8220; button_one_border_width__hover_enabled=&#8220;off&#8220; button_two_border_width__hover_enabled=&#8220;off&#8220; button_border_color__hover_enabled=&#8220;off&#8220; button_one_border_color__hover_enabled=&#8220;off&#8220; button_two_border_color__hover_enabled=&#8220;off&#8220; button_border_radius__hover_enabled=&#8220;off&#8220; button_one_border_radius__hover_enabled=&#8220;off&#8220; button_two_border_radius__hover_enabled=&#8220;off&#8220; button_letter_spacing__hover_enabled=&#8220;off&#8220; button_one_letter_spacing__hover_enabled=&#8220;off&#8220; button_two_letter_spacing__hover_enabled=&#8220;off&#8220; button_bg_color__hover_enabled=&#8220;off&#8220; button_one_bg_color__hover_enabled=&#8220;off&#8220; button_two_bg_color__hover_enabled=&#8220;off&#8220;][\/et_pb_contact_field][\/et_pb_contact_form][\/et_pb_column][\/et_pb_row][\/et_pb_section]<\/p>\n","protected":false},"excerpt":{"rendered":"<p>POSBYHohe Leistung und maximale Personalisierung Eine neue L\u00f6sung von Zucchetti f\u00fcr gehobenes Catering: PosBy ist die komplette Management-Software, perfekt f\u00fcr all jene R\u00e4umlichkeiten und Strukturen, die ein hohes Ma\u00df an Personalisierung erfordern. Auch mit speziellen Zusatzmodulen f\u00fcr Tabakl\u00e4den, elektronische Zahlungen, elektronische Rechnungsstellung und vieles mehr erh\u00e4ltlich. Mit PosBy ist es m\u00f6glich, auf jedem einzelnen Verkaufsbildschirm [&hellip;]<\/p>\n","protected":false},"author":4,"featured_media":0,"parent":0,"menu_order":0,"comment_status":"closed","ping_status":"closed","template":"","meta":{"_et_pb_use_builder":"on","_et_pb_old_content":"","_et_gb_content_width":"","footnotes":""},"class_list":["post-5367","page","type-page","status-publish","hentry"],"yoast_head":"<!-- This site is optimized with the Yoast SEO plugin v26.8 - https:\/\/yoast.com\/product\/yoast-seo-wordpress\/ -->\n<title>Posby - Mima Srl<\/title>\n<meta name=\"robots\" content=\"index, follow, max-snippet:-1, max-image-preview:large, max-video-preview:-1\" \/>\n<link rel=\"canonical\" href=\"https:\/\/www.mima.it\/de\/posby\/\" \/>\n<meta property=\"og:locale\" content=\"de_DE\" \/>\n<meta property=\"og:type\" content=\"article\" \/>\n<meta property=\"og:title\" content=\"Posby - Mima Srl\" \/>\n<meta property=\"og:description\" content=\"POSBYHohe Leistung und maximale Personalisierung Eine neue L\u00f6sung von Zucchetti f\u00fcr gehobenes Catering: PosBy ist die komplette Management-Software, perfekt f\u00fcr all jene R\u00e4umlichkeiten und Strukturen, die ein hohes Ma\u00df an Personalisierung erfordern. Auch mit speziellen Zusatzmodulen f\u00fcr Tabakl\u00e4den, elektronische Zahlungen, elektronische Rechnungsstellung und vieles mehr erh\u00e4ltlich. Mit PosBy ist es m\u00f6glich, auf jedem einzelnen Verkaufsbildschirm [&hellip;]\" \/>\n<meta property=\"og:url\" content=\"https:\/\/www.mima.it\/de\/posby\/\" \/>\n<meta property=\"og:site_name\" content=\"Mima Srl\" \/>\n<meta property=\"article:modified_time\" content=\"2024-02-01T10:39:57+00:00\" \/>\n<meta name=\"twitter:card\" content=\"summary_large_image\" \/>\n<meta name=\"twitter:label1\" content=\"Gesch\u00e4tzte Lesezeit\" \/>\n\t<meta name=\"twitter:data1\" content=\"10\u00a0Minuten\" \/>\n<script type=\"application\/ld+json\" class=\"yoast-schema-graph\">{\"@context\":\"https:\/\/schema.org\",\"@graph\":[{\"@type\":\"WebPage\",\"@id\":\"https:\/\/www.mima.it\/de\/posby\/\",\"url\":\"https:\/\/www.mima.it\/de\/posby\/\",\"name\":\"Posby - Mima Srl\",\"isPartOf\":{\"@id\":\"https:\/\/www.mima.it\/#website\"},\"datePublished\":\"2022-03-18T14:08:58+00:00\",\"dateModified\":\"2024-02-01T10:39:57+00:00\",\"breadcrumb\":{\"@id\":\"https:\/\/www.mima.it\/de\/posby\/#breadcrumb\"},\"inLanguage\":\"de\",\"potentialAction\":[{\"@type\":\"ReadAction\",\"target\":[\"https:\/\/www.mima.it\/de\/posby\/\"]}]},{\"@type\":\"BreadcrumbList\",\"@id\":\"https:\/\/www.mima.it\/de\/posby\/#breadcrumb\",\"itemListElement\":[{\"@type\":\"ListItem\",\"position\":1,\"name\":\"Home\",\"item\":\"https:\/\/www.mima.it\/de\/\"},{\"@type\":\"ListItem\",\"position\":2,\"name\":\"Posby\"}]},{\"@type\":\"WebSite\",\"@id\":\"https:\/\/www.mima.it\/#website\",\"url\":\"https:\/\/www.mima.it\/\",\"name\":\"Mima Srl\",\"description\":\"Da 25 anni al fianco dei professionisti\",\"potentialAction\":[{\"@type\":\"SearchAction\",\"target\":{\"@type\":\"EntryPoint\",\"urlTemplate\":\"https:\/\/www.mima.it\/?s={search_term_string}\"},\"query-input\":{\"@type\":\"PropertyValueSpecification\",\"valueRequired\":true,\"valueName\":\"search_term_string\"}}],\"inLanguage\":\"de\"}]}<\/script>\n<!-- \/ Yoast SEO plugin. -->","yoast_head_json":{"title":"Posby - Mima Srl","robots":{"index":"index","follow":"follow","max-snippet":"max-snippet:-1","max-image-preview":"max-image-preview:large","max-video-preview":"max-video-preview:-1"},"canonical":"https:\/\/www.mima.it\/de\/posby\/","og_locale":"de_DE","og_type":"article","og_title":"Posby - Mima Srl","og_description":"POSBYHohe Leistung und maximale Personalisierung Eine neue L\u00f6sung von Zucchetti f\u00fcr gehobenes Catering: PosBy ist die komplette Management-Software, perfekt f\u00fcr all jene R\u00e4umlichkeiten und Strukturen, die ein hohes Ma\u00df an Personalisierung erfordern. Auch mit speziellen Zusatzmodulen f\u00fcr Tabakl\u00e4den, elektronische Zahlungen, elektronische Rechnungsstellung und vieles mehr erh\u00e4ltlich. Mit PosBy ist es m\u00f6glich, auf jedem einzelnen Verkaufsbildschirm [&hellip;]","og_url":"https:\/\/www.mima.it\/de\/posby\/","og_site_name":"Mima Srl","article_modified_time":"2024-02-01T10:39:57+00:00","twitter_card":"summary_large_image","twitter_misc":{"Gesch\u00e4tzte Lesezeit":"10\u00a0Minuten"},"schema":{"@context":"https:\/\/schema.org","@graph":[{"@type":"WebPage","@id":"https:\/\/www.mima.it\/de\/posby\/","url":"https:\/\/www.mima.it\/de\/posby\/","name":"Posby - Mima Srl","isPartOf":{"@id":"https:\/\/www.mima.it\/#website"},"datePublished":"2022-03-18T14:08:58+00:00","dateModified":"2024-02-01T10:39:57+00:00","breadcrumb":{"@id":"https:\/\/www.mima.it\/de\/posby\/#breadcrumb"},"inLanguage":"de","potentialAction":[{"@type":"ReadAction","target":["https:\/\/www.mima.it\/de\/posby\/"]}]},{"@type":"BreadcrumbList","@id":"https:\/\/www.mima.it\/de\/posby\/#breadcrumb","itemListElement":[{"@type":"ListItem","position":1,"name":"Home","item":"https:\/\/www.mima.it\/de\/"},{"@type":"ListItem","position":2,"name":"Posby"}]},{"@type":"WebSite","@id":"https:\/\/www.mima.it\/#website","url":"https:\/\/www.mima.it\/","name":"Mima Srl","description":"Da 25 anni al fianco dei professionisti","potentialAction":[{"@type":"SearchAction","target":{"@type":"EntryPoint","urlTemplate":"https:\/\/www.mima.it\/?s={search_term_string}"},"query-input":{"@type":"PropertyValueSpecification","valueRequired":true,"valueName":"search_term_string"}}],"inLanguage":"de"}]}},"_links":{"self":[{"href":"https:\/\/www.mima.it\/de\/wp-json\/wp\/v2\/pages\/5367","targetHints":{"allow":["GET"]}}],"collection":[{"href":"https:\/\/www.mima.it\/de\/wp-json\/wp\/v2\/pages"}],"about":[{"href":"https:\/\/www.mima.it\/de\/wp-json\/wp\/v2\/types\/page"}],"author":[{"embeddable":true,"href":"https:\/\/www.mima.it\/de\/wp-json\/wp\/v2\/users\/4"}],"replies":[{"embeddable":true,"href":"https:\/\/www.mima.it\/de\/wp-json\/wp\/v2\/comments?post=5367"}],"version-history":[{"count":13,"href":"https:\/\/www.mima.it\/de\/wp-json\/wp\/v2\/pages\/5367\/revisions"}],"predecessor-version":[{"id":7622,"href":"https:\/\/www.mima.it\/de\/wp-json\/wp\/v2\/pages\/5367\/revisions\/7622"}],"wp:attachment":[{"href":"https:\/\/www.mima.it\/de\/wp-json\/wp\/v2\/media?parent=5367"}],"curies":[{"name":"wp","href":"https:\/\/api.w.org\/{rel}","templated":true}]}}